{"id":1393,"date":"2026-03-06T17:37:41","date_gmt":"2026-03-06T16:37:41","guid":{"rendered":"https:\/\/www.dalyplastic.com\/processes\/compression-moulding\/"},"modified":"2026-04-20T19:11:27","modified_gmt":"2026-04-20T17:11:27","slug":"compression-moulding","status":"publish","type":"page","link":"https:\/\/www.dalyplastic.com\/en\/processes\/compression-moulding\/","title":{"rendered":"Compression Moulding"},"content":{"rendered":"\n<header class=\"wp-block-group alignwide\" id=\"header-page\"><div class=\"wp-block-group__inner-container is-layout-flow wp-block-group-is-layout-flow\">\n<div class=\"wp-block-media-text alignwide has-media-on-the-right is-stacked-on-mobile\"><div class=\"wp-block-media-text__content\">\n<h1 class=\"wp-block-heading\"><strong>Une technologie \u00e9prouv\u00e9e pour <\/strong>fabriquer des pi\u00e8ces en thermodur<\/h1>\n\n\n\n<p>La fabrication de pi\u00e8ces en composites et plastiques par compression permet de produire des composants techniques \u00e0 la fois r\u00e9sistants, pr\u00e9cis et durables. Ce proc\u00e9d\u00e9 de moulage garantit d\u2019excellentes performances m\u00e9caniques, ainsi qu\u2019une bonne tenue aux contraintes thermiques et chimiques, r\u00e9pondant aux exigences des applications industrielles les plus strictes.<\/p>\n\n\n\n<p>Suited to series production, compression optimises manufacturing costs while minimising material waste. It is thus a reliable and cost-effective solution for demanding sectors such as <a href=\"https:\/\/www.dalyplastic.com\/en\/industry\/\" data-type=\"page\" data-id=\"643\">l\u2019industrie<\/a>, le <a href=\"https:\/\/www.dalyplastic.com\/en\/medical\/\" data-type=\"page\" data-id=\"770\">m\u00e9dical <\/a>ou le <a href=\"https:\/\/www.dalyplastic.com\/en\/building\/\" data-type=\"page\" data-id=\"949\">building<\/a>.<\/p>\n<\/div><figure class=\"wp-block-media-text__media\"><img loading=\"lazy\" decoding=\"async\" width=\"292\" height=\"219\" src=\"https:\/\/www.dalyplastic.com\/wp-content\/uploads\/2026\/03\/Compression-2.jpg\" alt=\"\" class=\"wp-image-797 size-full\"\/><\/figure><\/div>\n<\/div><\/header>\n\n\n\n<div class=\"wp-block-group line-right\"><div class=\"wp-block-group__inner-container is-layout-flow wp-block-group-is-layout-flow\">\n<h2 class=\"wp-block-heading\">Recognised expertise since 1934<\/h2>\n\n\n\n<p>Forte d\u2019un savoir-faire ma\u00eetris\u00e9 depuis sa cr\u00e9ation en 1934, <a href=\"https:\/\/www.dalyplastic.com\/\" data-type=\"page\" data-id=\"34\">Dalyplastic <\/a>met son expertise au service de la fabrication de pi\u00e8ces par compression. Gr\u00e2ce \u00e0 des d\u00e9cennies d\u2019exp\u00e9rience, l\u2019entreprise accompagne ses clients dans la conception de solutions sur mesure, en int\u00e9grant les contraintes techniques d\u00e8s les premi\u00e8res phases du projet.<\/p>\n\n\n\n<p>Dalyplastic thus guarantees reliable, high-quality production, backed by high-performance equipment and consistently high standards. This process mastery allows precise and reactive responses to the needs of the most demanding sectors.<\/p>\n<\/div><\/div>\n\n\n\n<div class=\"wp-block-columns are-vertically-aligned-top bloc-focus is-layout-flex wp-container-core-columns-is-layout-9d6595d7 wp-block-columns-is-layout-flex\">\n<div class=\"wp-block-column is-vertically-aligned-top is-layout-flow wp-block-column-is-layout-flow\" style=\"flex-basis:50%\">\n<div class=\"wp-block-group focus\"><div class=\"wp-block-group__inner-container is-layout-flow wp-block-group-is-layout-flow\">\n<h2 class=\"wp-block-heading\">Longevity and risk management&nbsp;<\/h2>\n\n\n\n<p>Une \u00e9quipe technique et un espace d\u00e9di\u00e9 \u00e0 la maintenance des outillages et aux changements de versions garantissent \u00e0&nbsp;\u00cfok\u00e9plastic&nbsp;la r\u00e9activit\u00e9 indispensable pour faire face aux besoins de premi\u00e8re n\u00e9cessit\u00e9 sur les outillages de ses clients. <\/p>\n\n\n\n<p>\u00cfok\u00e9plastic&nbsp;reprend et remet \u00e0 niveau les outillages pour garantir la production de pi\u00e8ces conformes \u00e0 l&#8217;exigence de ses clients dans ses ateliers d&#8217;injection. Notre flexibilit\u00e9 et notre technicit\u00e9 nous permettent de toujours trouver la meilleure solution. <\/p>\n<\/div><\/div>\n<\/div>\n\n\n\n<div class=\"wp-block-column is-vertically-aligned-top is-layout-flow wp-block-column-is-layout-flow\" style=\"flex-basis:50%\">\n<figure class=\"wp-block-image size-large\"><img decoding=\"async\" src=\"https:\/\/www.iokeplastic.com\/wp-content\/uploads\/maitrise-risque-1024x683.jpg\" alt=\"\" class=\"wp-image-1043\"\/><\/figure>\n<\/div>\n<\/div>\n\n\n\n<div class=\"wp-block-group points-forts\"><div class=\"wp-block-group__inner-container is-layout-flow wp-block-group-is-layout-flow\">\n<h2 class=\"wp-block-heading has-text-align-center after-title\">What Dalyplastic support brings you<\/h2>\n\n\n\n<div class=\"wp-block-columns is-layout-flex wp-container-core-columns-is-layout-9d6595d7 wp-block-columns-is-layout-flex\">\n<div class=\"wp-block-column is-layout-flow wp-block-column-is-layout-flow\">\n<figure class=\"wp-block-image size-full\"><img decoding=\"async\" src=\"https:\/\/www.iokeplastic.com\/wp-content\/uploads\/support-ioke-investissement.png\" alt=\"Optimise investment costs\" class=\"wp-image-305\"\/><\/figure>\n\n\n\n<p class=\"has-text-align-center\">Optimise investment costs<\/p>\n<\/div>\n\n\n\n<div class=\"wp-block-column is-layout-flow wp-block-column-is-layout-flow\">\n<figure class=\"wp-block-image size-full\"><img decoding=\"async\" src=\"https:\/\/www.iokeplastic.com\/wp-content\/uploads\/support-ioke-partenaire.png\" alt=\"Etre rassur\u00e9 et s\u2019appuyer sur un partenaire de confiance\" class=\"wp-image-302\"\/><\/figure>\n\n\n\n<p class=\"has-text-align-center\">Etre rassur\u00e9 et s\u2019appuyer sur un partenaire de confiance <\/p>\n<\/div>\n\n\n\n<div class=\"wp-block-column is-layout-flow wp-block-column-is-layout-flow\">\n<figure class=\"wp-block-image size-full\"><img decoding=\"async\" src=\"https:\/\/www.iokeplastic.com\/wp-content\/uploads\/support-ioke-outillages.png\" alt=\"Limit risk on machines and tooling\" class=\"wp-image-304\"\/><\/figure>\n\n\n\n<p class=\"has-text-align-center\">Limit risk on machines and tooling <\/p>\n<\/div>\n\n\n\n<div class=\"wp-block-column is-layout-flow wp-block-column-is-layout-flow\">\n<figure class=\"wp-block-image size-full\"><img decoding=\"async\" src=\"https:\/\/www.iokeplastic.com\/wp-content\/uploads\/support-ioke-economie.png\" alt=\"Make substantial savings\" class=\"wp-image-303\"\/><\/figure>\n\n\n\n<p class=\"has-text-align-center\">Make substantial savings <\/p>\n<\/div>\n<\/div>\n<\/div><\/div>\n\n\n\n<div style=\"height:100px\" aria-hidden=\"true\" class=\"wp-block-spacer\"><\/div>\n\n\n\n<div class=\"wp-block-buttons is-horizontal is-content-justification-center is-layout-flex wp-container-core-buttons-is-layout-499968f5 wp-block-buttons-is-layout-flex\">\n<div class=\"wp-block-button\"><a class=\"wp-block-button__link wp-element-button\" href=\"\/contact\/\">Besoin d\u2019un outillage durable<\/a><\/div>\n<\/div>\n\n\n\n<footer id=\"contact-footer-page\" class=\"wp-block-group\"><div class=\"wp-block-group__inner-container is-layout-flow wp-block-group-is-layout-flow\">\n<div class=\"wp-block-cover is-light\"><img loading=\"lazy\" decoding=\"async\" width=\"612\" height=\"408\" class=\"wp-block-cover__image-background wp-image-1195 size-full\" alt=\"\" src=\"https:\/\/www.dalyplastic.com\/wp-content\/uploads\/2026\/03\/istockphoto-2234774891-612x612-1.jpg\" data-object-fit=\"cover\" srcset=\"https:\/\/www.dalyplastic.com\/wp-content\/uploads\/2026\/03\/istockphoto-2234774891-612x612-1.jpg 612w, https:\/\/www.dalyplastic.com\/wp-content\/uploads\/2026\/03\/istockphoto-2234774891-612x612-1-300x200.jpg 300w\" sizes=\"auto, (max-width: 612px) 100vw, 612px\" \/><span aria-hidden=\"true\" class=\"wp-block-cover__background has-background-dim\" style=\"background-color:#154f60\"><\/span><div class=\"wp-block-cover__inner-container is-layout-flow wp-block-cover-is-layout-flow\">\n<h2 class=\"wp-block-heading has-text-align-center\">Dalyplastic \u2014 your growth partner!<\/h2>\n\n\n\n<div class=\"wp-block-columns is-layout-flex wp-container-core-columns-is-layout-9d6595d7 wp-block-columns-is-layout-flex\">\n<div class=\"wp-block-column is-layout-flow wp-block-column-is-layout-flow\">\n<p><a href=\"https:\/\/www.dalyplastic.com\/en\/design-tooling\/\" data-type=\"page\" data-id=\"954\">Multi technologies<\/a><\/p>\n<\/div>\n\n\n\n<div class=\"wp-block-column is-layout-flow wp-block-column-is-layout-flow\">\n<p><a href=\"https:\/\/www.dalyplastic.com\/produits\/\" data-type=\"page\" data-id=\"300\">Available products<\/a><\/p>\n<\/div>\n\n\n\n<div class=\"wp-block-column is-layout-flow wp-block-column-is-layout-flow\">\n<p><a href=\"https:\/\/www.dalyplastic.com\/en\/global-project-management\/\" data-type=\"page\" data-id=\"38\">Full support<\/a><\/p>\n<\/div>\n\n\n\n<div class=\"wp-block-column is-layout-flow wp-block-column-is-layout-flow\">\n<p><a href=\"\/en\/company\/#acteur-local\" data-type=\"page\" data-id=\"59\">A local player<\/a><\/p>\n<\/div>\n<\/div>\n\n\n\n<div class=\"wp-block-buttons is-horizontal is-content-justification-center is-layout-flex wp-container-core-buttons-is-layout-499968f5 wp-block-buttons-is-layout-flex\">\n<div class=\"wp-block-button\"><a class=\"wp-block-button__link wp-element-button\" href=\"https:\/\/www.dalyplastic.com\/en\/company\/\">Discover Dalyplastic<\/a><\/div>\n<\/div>\n<\/div><\/div>\n<\/div><\/footer>\n","protected":false},"excerpt":{"rendered":"<p>Une technologie \u00e9prouv\u00e9e pour fabriquer des pi\u00e8ces en thermodur La [&hellip;]<\/p>\n","protected":false},"author":1,"featured_media":0,"parent":1354,"menu_order":0,"comment_status":"closed","ping_status":"closed","template":"","meta":{"footnotes":""},"class_list":["post-1393","page","type-page","status-publish","hentry"],"_links":{"self":[{"href":"https:\/\/www.dalyplastic.com\/en\/wp-json\/wp\/v2\/pages\/1393","targetHints":{"allow":["GET"]}}],"collection":[{"href":"https:\/\/www.dalyplastic.com\/en\/wp-json\/wp\/v2\/pages"}],"about":[{"href":"https:\/\/www.dalyplastic.com\/en\/wp-json\/wp\/v2\/types\/page"}],"author":[{"embeddable":true,"href":"https:\/\/www.dalyplastic.com\/en\/wp-json\/wp\/v2\/users\/1"}],"replies":[{"embeddable":true,"href":"https:\/\/www.dalyplastic.com\/en\/wp-json\/wp\/v2\/comments?post=1393"}],"version-history":[{"count":0,"href":"https:\/\/www.dalyplastic.com\/en\/wp-json\/wp\/v2\/pages\/1393\/revisions"}],"up":[{"embeddable":true,"href":"https:\/\/www.dalyplastic.com\/en\/wp-json\/wp\/v2\/pages\/1354"}],"wp:attachment":[{"href":"https:\/\/www.dalyplastic.com\/en\/wp-json\/wp\/v2\/media?parent=1393"}],"curies":[{"name":"wp","href":"https:\/\/api.w.org\/{rel}","templated":true}]}}