{"id":1392,"date":"2026-04-20T19:11:27","date_gmt":"2026-04-20T17:11:27","guid":{"rendered":"https:\/\/www.dalyplastic.com\/processes\/rotational-moulding\/"},"modified":"2026-04-20T19:11:27","modified_gmt":"2026-04-20T17:11:27","slug":"rotational-moulding","status":"publish","type":"page","link":"https:\/\/www.dalyplastic.com\/en\/processes\/rotational-moulding\/","title":{"rendered":"Rotational Moulding"},"content":{"rendered":"\n<header class=\"wp-block-group alignwide\" id=\"header-page\"><div class=\"wp-block-group__inner-container is-layout-flow wp-block-group-is-layout-flow\">\n<div class=\"wp-block-media-text alignwide has-media-on-the-right is-stacked-on-mobile\"><div class=\"wp-block-media-text__content\">\n<h1 class=\"wp-block-heading\"><strong>Rotational moulding \u2014 the industrial process<\/strong> for durable, complex hollow plastic parts.<\/h1>\n\n\n\n<p>Rotational moulding guarantees excellent mechanical strength thanks to homogeneous walls with no welds or weak points. It is ideal for large hollow parts (tanks, storage boxes, industrial equipment), combining lightness, watertightness and resistance to impact and weathering.<\/p>\n\n\n\n<p>This technique is particularly suited to small and medium production runs, with tooling less expensive than<a href=\"https:\/\/www.dalyplastic.com\/en\/injection-moulding\/\" data-type=\"page\" data-id=\"554\"> l\u2019injection <\/a>ou le soufflage. Elle offre une grande libert\u00e9 de design, prend en charge de nombreux polym\u00e8res et couleurs, et permet de produire des pi\u00e8ces robustes, personnalisables et comp\u00e9titives sur le march\u00e9.<\/p>\n<\/div><figure class=\"wp-block-media-text__media\"><img loading=\"lazy\" decoding=\"async\" width=\"1024\" height=\"768\" src=\"https:\/\/www.dalyplastic.com\/wp-content\/uploads\/2026\/03\/IMG_3937-scaled-1-1024x768.jpg\" alt=\"\" class=\"wp-image-1157 size-full\" srcset=\"https:\/\/www.dalyplastic.com\/wp-content\/uploads\/2026\/03\/IMG_3937-scaled-1-1024x768.jpg 1024w, https:\/\/www.dalyplastic.com\/wp-content\/uploads\/2026\/03\/IMG_3937-scaled-1-300x225.jpg 300w, https:\/\/www.dalyplastic.com\/wp-content\/uploads\/2026\/03\/IMG_3937-scaled-1-768x576.jpg 768w, https:\/\/www.dalyplastic.com\/wp-content\/uploads\/2026\/03\/IMG_3937-scaled-1-1536x1152.jpg 1536w, https:\/\/www.dalyplastic.com\/wp-content\/uploads\/2026\/03\/IMG_3937-scaled-1-2048x1536.jpg 2048w\" sizes=\"auto, (max-width: 1024px) 100vw, 1024px\" \/><\/figure><\/div>\n<\/div><\/header>\n\n\n\n<div class=\"wp-block-group line-right\"><div class=\"wp-block-group__inner-container is-layout-flow wp-block-group-is-layout-flow\">\n<h2 class=\"wp-block-heading\"><strong>Dalyplastic<\/strong> : l\u2019expert des petites pi\u00e8ces<\/h2>\n\n\n\n<p>Le rotomoulage de petites pi\u00e8ces en plastisol permet une fabrication pr\u00e9cise et \u00e9conomique d\u2019objets creux, souples ou semi\u2011rigides notamment pour les secteurs du <a href=\"https:\/\/www.dalyplastic.com\/en\/medical\/\" data-type=\"page\" data-id=\"770\">medical<\/a> and leisure sectors. Plastisol fluidity and oven-curing ensure regular walls, good detail replication and no welds \u2014 ideal for bulbs, ergonomic handles or balls.<\/p>\n\n\n\n<p>Dans le loisir, cette technique sert \u00e0 produire poign\u00e9es de jouets, \u00e9l\u00e9ments de sport ou ballons, avec une grande libert\u00e9 de formes et de coloris. Le plastisol apporte confort, r\u00e9sistance aux chocs et bonne tenue aux UV, tout en restant adapt\u00e9 \u00e0 des petites s\u00e9ries \u00e0 faible co\u00fbt d\u2019outillage.<\/p>\n<\/div><\/div>\n\n\n\n<div class=\"wp-block-columns are-vertically-aligned-top bloc-focus is-layout-flex wp-container-core-columns-is-layout-9d6595d7 wp-block-columns-is-layout-flex\">\n<div class=\"wp-block-column is-vertically-aligned-top is-layout-flow wp-block-column-is-layout-flow\" style=\"flex-basis:50%\">\n<div class=\"wp-block-group focus\"><div class=\"wp-block-group__inner-container is-layout-flow wp-block-group-is-layout-flow\">\n<h2 class=\"wp-block-heading\">Premium support in rotational moulding <\/h2>\n\n\n\n<p><strong>Client satisfaction depends on consistent quality in rotational moulding.<\/strong> <\/p>\n\n\n\n<p>Que votre projet concerne des pi\u00e8ces industrielles, techniques ou de grande s\u00e9rie, la ma\u00eetrise du proc\u00e9d\u00e9 est essentielle pour pr\u00e9server la conformit\u00e9 et la performance. Chez Dalyplastic, nous orientons tous nos processus \u2013 du design des pi\u00e8ces rotomoul\u00e9es \u00e0 la production \u2013 vers le respect du produit, en mettant notre savoir\u2011faire au service d\u2019un accompagnement haut de gamme. Nous privil\u00e9gions la rigueur des contr\u00f4les et la tra\u00e7abilit\u00e9 pour augmenter en permanence la valeur ajout\u00e9e de nos prestations en rotomoulage. <\/p>\n<\/div><\/div>\n<\/div>\n\n\n\n<div class=\"wp-block-column is-vertically-aligned-top is-layout-flow wp-block-column-is-layout-flow\" style=\"flex-basis:50%\">\n<figure class=\"wp-block-image size-large\"><img loading=\"lazy\" decoding=\"async\" width=\"1024\" height=\"768\" src=\"https:\/\/www.dalyplastic.com\/wp-content\/uploads\/2026\/03\/IMG_3939-scaled-1-1024x768.jpg\" alt=\"\" class=\"wp-image-1171\" srcset=\"https:\/\/www.dalyplastic.com\/wp-content\/uploads\/2026\/03\/IMG_3939-scaled-1-1024x768.jpg 1024w, https:\/\/www.dalyplastic.com\/wp-content\/uploads\/2026\/03\/IMG_3939-scaled-1-300x225.jpg 300w, https:\/\/www.dalyplastic.com\/wp-content\/uploads\/2026\/03\/IMG_3939-scaled-1-768x576.jpg 768w, https:\/\/www.dalyplastic.com\/wp-content\/uploads\/2026\/03\/IMG_3939-scaled-1-1536x1152.jpg 1536w, https:\/\/www.dalyplastic.com\/wp-content\/uploads\/2026\/03\/IMG_3939-scaled-1-2048x1536.jpg 2048w\" sizes=\"auto, (max-width: 1024px) 100vw, 1024px\" \/><\/figure>\n<\/div>\n<\/div>\n\n\n\n<div class=\"wp-block-buttons is-horizontal is-content-justification-center is-layout-flex wp-container-core-buttons-is-layout-499968f5 wp-block-buttons-is-layout-flex\">\n<div class=\"wp-block-button modal-btn\"><a class=\"wp-block-button__link wp-element-button\" href=\"\/en\/contact\/\"><strong>Do you have a project involving hollow parts?<\/strong><\/a><\/div>\n<\/div>\n\n\n\n<footer id=\"contact-footer-page\" class=\"wp-block-group\"><div class=\"wp-block-group__inner-container is-layout-flow wp-block-group-is-layout-flow\">\n<div class=\"wp-block-cover is-light\"><img decoding=\"async\" class=\"wp-block-cover__image-background wp-image-1078\" alt=\"\" src=\"https:\/\/www.iokeplastic.com\/wp-content\/uploads\/iStock-1201354506.jpg\" data-object-fit=\"cover\"\/><span aria-hidden=\"true\" class=\"wp-block-cover__background has-background-dim\"><\/span><div class=\"wp-block-cover__inner-container is-layout-flow wp-block-cover-is-layout-flow\">\n<h2 class=\"wp-block-heading has-text-align-center\">Dalyplastic \u2014 your growth partner!<\/h2>\n\n\n\n<div class=\"wp-block-columns is-layout-flex wp-container-core-columns-is-layout-9d6595d7 wp-block-columns-is-layout-flex\">\n<div class=\"wp-block-column is-layout-flow wp-block-column-is-layout-flow\">\n<p><a href=\"https:\/\/www.dalyplastic.com\/en\/design-tooling\/\" data-type=\"page\" data-id=\"954\">Multi technologies<\/a><\/p>\n<\/div>\n\n\n\n<div class=\"wp-block-column is-layout-flow wp-block-column-is-layout-flow\">\n<p><a href=\"https:\/\/www.dalyplastic.com\/produits\/\" data-type=\"page\" data-id=\"300\">Available products<\/a><\/p>\n<\/div>\n\n\n\n<div class=\"wp-block-column is-layout-flow wp-block-column-is-layout-flow\">\n<p><a href=\"https:\/\/www.dalyplastic.com\/en\/global-project-management\/\" data-type=\"page\" data-id=\"38\">Full support<\/a><\/p>\n<\/div>\n\n\n\n<div class=\"wp-block-column is-layout-flow wp-block-column-is-layout-flow\">\n<p><a href=\"\/en\/company\/#acteur-local\" data-type=\"page\" data-id=\"59\">A local player<\/a><\/p>\n<\/div>\n<\/div>\n\n\n\n<div class=\"wp-block-buttons is-horizontal is-content-justification-center is-layout-flex wp-container-core-buttons-is-layout-499968f5 wp-block-buttons-is-layout-flex\">\n<div class=\"wp-block-button\"><a class=\"wp-block-button__link wp-element-button\" href=\"https:\/\/www.dalyplastic.com\/en\/company\/\">Discover Dalyplastic<\/a><\/div>\n<\/div>\n<\/div><\/div>\n<\/div><\/footer>\n","protected":false},"excerpt":{"rendered":"<p>Rotational moulding \u2014 the industrial process for durable, complex hollow [&hellip;]<\/p>\n","protected":false},"author":1,"featured_media":0,"parent":1354,"menu_order":0,"comment_status":"closed","ping_status":"closed","template":"","meta":{"footnotes":""},"class_list":["post-1392","page","type-page","status-publish","hentry"],"_links":{"self":[{"href":"https:\/\/www.dalyplastic.com\/en\/wp-json\/wp\/v2\/pages\/1392","targetHints":{"allow":["GET"]}}],"collection":[{"href":"https:\/\/www.dalyplastic.com\/en\/wp-json\/wp\/v2\/pages"}],"about":[{"href":"https:\/\/www.dalyplastic.com\/en\/wp-json\/wp\/v2\/types\/page"}],"author":[{"embeddable":true,"href":"https:\/\/www.dalyplastic.com\/en\/wp-json\/wp\/v2\/users\/1"}],"replies":[{"embeddable":true,"href":"https:\/\/www.dalyplastic.com\/en\/wp-json\/wp\/v2\/comments?post=1392"}],"version-history":[{"count":0,"href":"https:\/\/www.dalyplastic.com\/en\/wp-json\/wp\/v2\/pages\/1392\/revisions"}],"up":[{"embeddable":true,"href":"https:\/\/www.dalyplastic.com\/en\/wp-json\/wp\/v2\/pages\/1354"}],"wp:attachment":[{"href":"https:\/\/www.dalyplastic.com\/en\/wp-json\/wp\/v2\/media?parent=1392"}],"curies":[{"name":"wp","href":"https:\/\/api.w.org\/{rel}","templated":true}]}}