{"id":1391,"date":"2026-04-20T19:11:26","date_gmt":"2026-04-20T17:11:26","guid":{"rendered":"https:\/\/www.dalyplastic.com\/processes\/injection-moulding\/"},"modified":"2026-04-20T19:11:26","modified_gmt":"2026-04-20T17:11:26","slug":"injection-moulding","status":"publish","type":"page","link":"https:\/\/www.dalyplastic.com\/en\/processes\/injection-moulding\/","title":{"rendered":"Plastic Injection Moulding"},"content":{"rendered":"\n<header class=\"wp-block-group alignwide\" id=\"header-page\"><div class=\"wp-block-group__inner-container is-layout-flow wp-block-group-is-layout-flow\">\n<div class=\"wp-block-media-text alignwide has-media-on-the-right is-stacked-on-mobile\"><div class=\"wp-block-media-text__content\">\n<h1 class=\"wp-block-heading\"><strong>Plastic injection moulding:<\/strong> precision and mastery by Dalyplastic.<\/h1>\n\n\n\n<p>L\u2019injection plastique permet de produire des pi\u00e8ces en s\u00e9rie avec pr\u00e9cision et qualit\u00e9 constante. Ce proc\u00e9d\u00e9 optimise les co\u00fbts tout en garantissant des d\u00e9lais rapides. Il offre aussi une grande libert\u00e9 de <a href=\"https:\/\/www.dalyplastic.com\/en\/design-tooling\/\" data-type=\"page\" data-id=\"954\">design freedom<\/a>, allowing complex shapes and the integration of several functions into a single part.<\/p>\n\n\n\n<p>Au sein d\u2019un atelier de 1 000 m\u00b2, l\u2019injection plastique assure une organisation efficace et une ma\u00eetrise du processus. Elle garantit une finition soign\u00e9e, une parfaite reproductibilit\u00e9 et des produits fiables.<\/p>\n<\/div><figure class=\"wp-block-media-text__media\"><img loading=\"lazy\" decoding=\"async\" width=\"1024\" height=\"768\" src=\"https:\/\/www.dalyplastic.com\/wp-content\/uploads\/2026\/03\/IMG_3933-1024x768.jpg\" alt=\"\" class=\"wp-image-1128 size-full\" srcset=\"https:\/\/www.dalyplastic.com\/wp-content\/uploads\/2026\/03\/IMG_3933-1024x768.jpg 1024w, https:\/\/www.dalyplastic.com\/wp-content\/uploads\/2026\/03\/IMG_3933-300x225.jpg 300w, https:\/\/www.dalyplastic.com\/wp-content\/uploads\/2026\/03\/IMG_3933-768x576.jpg 768w, https:\/\/www.dalyplastic.com\/wp-content\/uploads\/2026\/03\/IMG_3933-1536x1152.jpg 1536w, https:\/\/www.dalyplastic.com\/wp-content\/uploads\/2026\/03\/IMG_3933-2048x1536.jpg 2048w\" sizes=\"auto, (max-width: 1024px) 100vw, 1024px\" \/><\/figure><\/div>\n<\/div><\/header>\n\n\n\n<div class=\"wp-block-group line-right\"><div class=\"wp-block-group__inner-container is-layout-flow wp-block-group-is-layout-flow\">\n<h2 class=\"wp-block-heading\">Robotisation at your service<\/h2>\n\n\n\n<p>At Dalyplastic, injection moulding relies on advanced <strong>robotisation<\/strong> and <strong>automation<\/strong> to produce plastic parts at reduced cost. These technologies guarantee fast, <strong>reliable<\/strong> and <strong>high-precision<\/strong> manufacturing, while optimising production costs for consistent quality.<\/p>\n<\/div><\/div>\n\n\n\n<div class=\"wp-block-columns are-vertically-aligned-top bloc-focus is-layout-flex wp-container-core-columns-is-layout-9d6595d7 wp-block-columns-is-layout-flex\">\n<div class=\"wp-block-column is-vertically-aligned-top is-layout-flow wp-block-column-is-layout-flow\" style=\"flex-basis:50%\">\n<figure class=\"wp-block-image size-large\"><img loading=\"lazy\" decoding=\"async\" width=\"1024\" height=\"728\" src=\"https:\/\/www.dalyplastic.com\/wp-content\/uploads\/2026\/03\/IMG_3923-scaled-e1773916616616-1024x728.jpg\" alt=\"\" class=\"wp-image-972\" srcset=\"https:\/\/www.dalyplastic.com\/wp-content\/uploads\/2026\/03\/IMG_3923-scaled-e1773916616616-1024x728.jpg 1024w, https:\/\/www.dalyplastic.com\/wp-content\/uploads\/2026\/03\/IMG_3923-scaled-e1773916616616-300x213.jpg 300w, https:\/\/www.dalyplastic.com\/wp-content\/uploads\/2026\/03\/IMG_3923-scaled-e1773916616616-768x546.jpg 768w, https:\/\/www.dalyplastic.com\/wp-content\/uploads\/2026\/03\/IMG_3923-scaled-e1773916616616-1536x1092.jpg 1536w, https:\/\/www.dalyplastic.com\/wp-content\/uploads\/2026\/03\/IMG_3923-scaled-e1773916616616.jpg 1626w\" sizes=\"auto, (max-width: 1024px) 100vw, 1024px\" \/><\/figure>\n<\/div>\n\n\n\n<div class=\"wp-block-column is-vertically-aligned-top is-layout-flow wp-block-column-is-layout-flow\" style=\"flex-basis:50%\">\n<div class=\"wp-block-group\"><div class=\"wp-block-group__inner-container is-layout-flow wp-block-group-is-layout-flow\">\n<h2 class=\"wp-block-heading\">Logistique ma\u00eetris\u00e9e pour l\u2019injection plastique<\/h2>\n\n\n\n<p>Une logistique \u00e9prouv\u00e9e garantit la fluidit\u00e9 de chaque \u00e9tape de la production en injection plastique, de l\u2019approvisionnement en mati\u00e8res premi\u00e8res \u00e0 la livraison des pi\u00e8ces finies.<\/p>\n\n\n\n<p>L\u2019organisation rigoureuse et les outils de suivi assurent des d\u00e9lais fiables, une tra\u00e7abilit\u00e9 compl\u00e8te et une grande r\u00e9activit\u00e9, tout en optimisant les co\u00fbts pour les productions en petite, moyenne ou grande s\u00e9rie.<\/p>\n<\/div><\/div>\n<\/div>\n<\/div>\n\n\n\n<div class=\"wp-block-buttons is-horizontal is-content-justification-center is-layout-flex wp-container-core-buttons-is-layout-499968f5 wp-block-buttons-is-layout-flex\">\n<div class=\"wp-block-button\"><a class=\"wp-block-button__link wp-element-button\" href=\"\/en\/contact\/\"><strong>Do you have a plastic injection project?<\/strong><\/a><\/div>\n<\/div>\n\n\n\n<footer id=\"contact-footer-page\" class=\"wp-block-group\"><div class=\"wp-block-group__inner-container is-layout-flow wp-block-group-is-layout-flow\">\n<div class=\"wp-block-cover is-light\"><img loading=\"lazy\" decoding=\"async\" width=\"2146\" height=\"802\" class=\"wp-block-cover__image-background wp-image-980 size-full\" alt=\"\" src=\"https:\/\/www.dalyplastic.com\/wp-content\/uploads\/2026\/03\/IMG_3927-scaled-e1773913010189.jpg\" data-object-fit=\"cover\" srcset=\"https:\/\/www.dalyplastic.com\/wp-content\/uploads\/2026\/03\/IMG_3927-scaled-e1773913010189.jpg 2146w, https:\/\/www.dalyplastic.com\/wp-content\/uploads\/2026\/03\/IMG_3927-scaled-e1773913010189-300x112.jpg 300w, https:\/\/www.dalyplastic.com\/wp-content\/uploads\/2026\/03\/IMG_3927-scaled-e1773913010189-1024x383.jpg 1024w, https:\/\/www.dalyplastic.com\/wp-content\/uploads\/2026\/03\/IMG_3927-scaled-e1773913010189-768x287.jpg 768w, https:\/\/www.dalyplastic.com\/wp-content\/uploads\/2026\/03\/IMG_3927-scaled-e1773913010189-1536x574.jpg 1536w, https:\/\/www.dalyplastic.com\/wp-content\/uploads\/2026\/03\/IMG_3927-scaled-e1773913010189-2048x765.jpg 2048w\" sizes=\"auto, (max-width: 2146px) 100vw, 2146px\" \/><span aria-hidden=\"true\" class=\"wp-block-cover__background has-background-dim\" style=\"background-color:#817c78\"><\/span><div class=\"wp-block-cover__inner-container is-layout-flow wp-block-cover-is-layout-flow\">\n<h2 class=\"wp-block-heading has-text-align-center\">Dalyplastic \u2014 your growth partner!<\/h2>\n\n\n\n<div class=\"wp-block-columns is-layout-flex wp-container-core-columns-is-layout-9d6595d7 wp-block-columns-is-layout-flex\">\n<div class=\"wp-block-column is-layout-flow wp-block-column-is-layout-flow\">\n<p><a href=\"https:\/\/www.dalyplastic.com\/en\/design-tooling\/\" data-type=\"page\" data-id=\"954\">Multi technologies<\/a><\/p>\n<\/div>\n\n\n\n<div class=\"wp-block-column is-layout-flow wp-block-column-is-layout-flow\">\n<p><a href=\"https:\/\/www.dalyplastic.com\/produits\/\" data-type=\"page\" data-id=\"300\">Available products<\/a><\/p>\n<\/div>\n\n\n\n<div class=\"wp-block-column is-layout-flow wp-block-column-is-layout-flow\">\n<p><a href=\"https:\/\/www.dalyplastic.com\/en\/global-project-management\/\" data-type=\"page\" data-id=\"38\">Full support<\/a><\/p>\n<\/div>\n\n\n\n<div class=\"wp-block-column is-layout-flow wp-block-column-is-layout-flow\">\n<p><a href=\"\/en\/company\/#acteur-local\" data-type=\"page\" data-id=\"59\">A local player<\/a><\/p>\n<\/div>\n<\/div>\n\n\n\n<div class=\"wp-block-buttons is-horizontal is-content-justification-center is-layout-flex wp-container-core-buttons-is-layout-499968f5 wp-block-buttons-is-layout-flex\">\n<div class=\"wp-block-button\"><a class=\"wp-block-button__link wp-element-button\" href=\"https:\/\/www.dalyplastic.com\/en\/company\/\">Discover Dalyplastic<\/a><\/div>\n<\/div>\n<\/div><\/div>\n<\/div><\/footer>\n","protected":false},"excerpt":{"rendered":"<p>Plastic injection moulding: precision and mastery by Dalyplastic. L\u2019injection plastique [&hellip;]<\/p>\n","protected":false},"author":1,"featured_media":0,"parent":1354,"menu_order":0,"comment_status":"closed","ping_status":"closed","template":"","meta":{"footnotes":""},"class_list":["post-1391","page","type-page","status-publish","hentry"],"_links":{"self":[{"href":"https:\/\/www.dalyplastic.com\/en\/wp-json\/wp\/v2\/pages\/1391","targetHints":{"allow":["GET"]}}],"collection":[{"href":"https:\/\/www.dalyplastic.com\/en\/wp-json\/wp\/v2\/pages"}],"about":[{"href":"https:\/\/www.dalyplastic.com\/en\/wp-json\/wp\/v2\/types\/page"}],"author":[{"embeddable":true,"href":"https:\/\/www.dalyplastic.com\/en\/wp-json\/wp\/v2\/users\/1"}],"replies":[{"embeddable":true,"href":"https:\/\/www.dalyplastic.com\/en\/wp-json\/wp\/v2\/comments?post=1391"}],"version-history":[{"count":0,"href":"https:\/\/www.dalyplastic.com\/en\/wp-json\/wp\/v2\/pages\/1391\/revisions"}],"up":[{"embeddable":true,"href":"https:\/\/www.dalyplastic.com\/en\/wp-json\/wp\/v2\/pages\/1354"}],"wp:attachment":[{"href":"https:\/\/www.dalyplastic.com\/en\/wp-json\/wp\/v2\/media?parent=1391"}],"curies":[{"name":"wp","href":"https:\/\/api.w.org\/{rel}","templated":true}]}}