{"id":1363,"date":"2026-03-04T22:27:19","date_gmt":"2026-03-04T21:27:19","guid":{"rendered":"https:\/\/www.dalyplastic.com\/industry\/"},"modified":"2026-04-20T19:11:31","modified_gmt":"2026-04-20T17:11:31","slug":"industry","status":"publish","type":"page","link":"https:\/\/www.dalyplastic.com\/en\/industry\/","title":{"rendered":"Industry"},"content":{"rendered":"\n<header class=\"wp-block-group alignwide\" id=\"header-page\"><div class=\"wp-block-group__inner-container is-layout-flow wp-block-group-is-layout-flow\">\n<div class=\"wp-block-media-text alignwide has-media-on-the-right is-stacked-on-mobile\"><div class=\"wp-block-media-text__content\">\n<h1 class=\"wp-block-heading\"><strong>Industry et innovation <\/strong>au service de votre r\u00e9ussite<\/h1>\n\n\n\n<p>Dalyplastic accompagne ses clients dans le d\u00e9veloppement de leurs produits, en s\u2019appuyant sur plusieurs <a href=\"https:\/\/www.dalyplastic.com\/en\/company\/#acteur-local\">d\u00e9cennies d\u2019exp\u00e9rience<\/a> en plasturgie. Cette expertise permet d\u2019orienter chaque projet avec pr\u00e9cision, depuis le choix des mat\u00e9riaux jusqu\u2019\u00e0 la s\u00e9lection des technologies les plus adapt\u00e9es, afin de proposer des solutions fiables, durables et performantes.<\/p>\n\n\n\n<p>Acteur du secteur industriel, Dalyplastic intervient dans une grande diversit\u00e9 d\u2019applications, ce qui lui permet de s\u2019adapter \u00e0 des environnements vari\u00e9s et \u00e0 des exigences sp\u00e9cifiques. Elle apporte ainsi \u00e0 ses clients un <a href=\"https:\/\/www.dalyplastic.com\/en\/global-project-management\/\" data-type=\"page\" data-id=\"38\">accompagnement <\/a>sur mesure, en phase avec leurs enjeux et leurs objectifs de d\u00e9veloppement.<\/p>\n<\/div><figure class=\"wp-block-media-text__media\"><img loading=\"lazy\" decoding=\"async\" width=\"612\" height=\"344\" src=\"https:\/\/www.dalyplastic.com\/wp-content\/uploads\/2026\/03\/istockphoto-1448503443-612x612-1.jpg\" alt=\"\" class=\"wp-image-1264 size-full\" srcset=\"https:\/\/www.dalyplastic.com\/wp-content\/uploads\/2026\/03\/istockphoto-1448503443-612x612-1.jpg 612w, https:\/\/www.dalyplastic.com\/wp-content\/uploads\/2026\/03\/istockphoto-1448503443-612x612-1-300x169.jpg 300w\" sizes=\"auto, (max-width: 612px) 100vw, 612px\" \/><\/figure><\/div>\n<\/div><\/header>\n\n\n\n<div class=\"wp-block-group line-right\"><div class=\"wp-block-group__inner-container is-layout-flow wp-block-group-is-layout-flow\">\n<h2 class=\"wp-block-heading\">Flexibility and full integration in the manufacturing chain<\/h2>\n\n\n\n<p>Le co\u00fbt ma\u00eetris\u00e9, la qualit\u00e9 et la r\u00e9activit\u00e9 sont au c\u0153ur du fonctionnement de Dalyplastic, permettant d\u2019apporter \u00e0 chaque client des solutions fiables et adapt\u00e9es, en phase avec leurs contraintes de d\u00e9lais et de performance. \u00c0 ces fondamentaux s\u2019ajoutent une grande flexibilit\u00e9, la capacit\u00e9 \u00e0 produire des petites et moyennes s\u00e9ries, ainsi qu\u2019une v\u00e9ritable app\u00e9tence pour les projets techniques et les pi\u00e8ces complexes, traduisant pleinement le <a href=\"https:\/\/www.dalyplastic.com\/en\/design-tooling\/\" data-type=\"page\" data-id=\"954\">savoir-faire<\/a> et l\u2019engagement de l\u2019entreprise dans l\u2019accompagnement de ses clients.<\/p>\n<\/div><\/div>\n\n\n\n<div class=\"wp-block-buttons is-horizontal is-content-justification-center is-layout-flex wp-container-core-buttons-is-layout-499968f5 wp-block-buttons-is-layout-flex\">\n<div class=\"wp-block-button\"><a class=\"wp-block-button__link wp-element-button\" href=\"\/en\/contact\/\">Besoin d\u2019accompagnement&nbsp;?&nbsp;<\/a><\/div>\n<\/div>\n\n\n\n<div class=\"wp-block-columns are-vertically-aligned-top bloc-focus is-layout-flex wp-container-core-columns-is-layout-9d6595d7 wp-block-columns-is-layout-flex\">\n<div class=\"wp-block-column is-vertically-aligned-top is-layout-flow wp-block-column-is-layout-flow\" style=\"flex-basis:50%\">\n<figure class=\"wp-block-image size-full\"><img loading=\"lazy\" decoding=\"async\" width=\"612\" height=\"408\" src=\"https:\/\/www.dalyplastic.com\/wp-content\/uploads\/2026\/03\/istockphoto-157379076-612x612-1.jpg\" alt=\"\" class=\"wp-image-1271\" srcset=\"https:\/\/www.dalyplastic.com\/wp-content\/uploads\/2026\/03\/istockphoto-157379076-612x612-1.jpg 612w, https:\/\/www.dalyplastic.com\/wp-content\/uploads\/2026\/03\/istockphoto-157379076-612x612-1-300x200.jpg 300w\" sizes=\"auto, (max-width: 612px) 100vw, 612px\" \/><\/figure>\n<\/div>\n\n\n\n<div class=\"wp-block-column is-vertically-aligned-top is-layout-flow wp-block-column-is-layout-flow\" style=\"flex-basis:50%\">\n<div class=\"wp-block-group\"><div class=\"wp-block-group__inner-container is-layout-flow wp-block-group-is-layout-flow\">\n<h2 class=\"wp-block-heading\">Trusted collaboration and long-term partnership<\/h2>\n\n\n\n<p>Nous nous inscrivons dans des collaborations durables, construites sur plusieurs ann\u00e9es, o\u00f9 la r\u00e9gularit\u00e9 et la fiabilit\u00e9 sont essentielles. Notre qualit\u00e9 de suivi et de production permet \u00e0 nos clients de s\u2019appuyer sur un partenaire solide, capable <a href=\"https:\/\/www.dalyplastic.com\/en\/global-project-management\/\" data-type=\"page\" data-id=\"38\">d\u2019accompagner <\/a>leurs projets dans le temps et de soutenir leur d\u00e9veloppement \u00e0 l\u2019international.<\/p>\n\n\n\n<p>Afin de garantir une production constamment optimis\u00e9e, nos op\u00e9rateurs assurent un contr\u00f4le rigoureux des processus sur presse, tandis que nos \u00e9quipements analysent en continu l\u2019ensemble des param\u00e8tres. Cette ma\u00eetrise nous permet de produire des pi\u00e8ces techniques, complexes et r\u00e9sistantes, en apportant \u00e9galement des r\u00e9ponses pr\u00e9cises dans le choix des mati\u00e8res plastiques, notamment pour les applications soumises \u00e0 des normes strictes.<\/p>\n<\/div><\/div>\n<\/div>\n<\/div>\n\n\n\n<footer id=\"contact-footer-page\" class=\"wp-block-group\"><div class=\"wp-block-group__inner-container is-layout-flow wp-block-group-is-layout-flow\">\n<div class=\"wp-block-cover is-light\"><img decoding=\"async\" class=\"wp-block-cover__image-background wp-image-1078\" alt=\"\" src=\"https:\/\/www.iokeplastic.com\/wp-content\/uploads\/iStock-1201354506.jpg\" data-object-fit=\"cover\"\/><span aria-hidden=\"true\" class=\"wp-block-cover__background has-background-dim\"><\/span><div class=\"wp-block-cover__inner-container is-layout-flow wp-block-cover-is-layout-flow\">\n<h2 class=\"wp-block-heading has-text-align-center\">Dalyplastic \u2014 your growth partner!<\/h2>\n\n\n\n<div class=\"wp-block-columns is-layout-flex wp-container-core-columns-is-layout-9d6595d7 wp-block-columns-is-layout-flex\">\n<div class=\"wp-block-column is-layout-flow wp-block-column-is-layout-flow\">\n<p><a href=\"https:\/\/www.dalyplastic.com\/en\/design-tooling\/\" data-type=\"page\" data-id=\"954\">Multi technologies<\/a><\/p>\n<\/div>\n\n\n\n<div class=\"wp-block-column is-layout-flow wp-block-column-is-layout-flow\">\n<p><a href=\"https:\/\/www.dalyplastic.com\/produits\/\" data-type=\"page\" data-id=\"300\">Available products<\/a><\/p>\n<\/div>\n\n\n\n<div class=\"wp-block-column is-layout-flow wp-block-column-is-layout-flow\">\n<p><a href=\"https:\/\/www.dalyplastic.com\/en\/global-project-management\/\" data-type=\"page\" data-id=\"38\">Full support<\/a><\/p>\n<\/div>\n\n\n\n<div class=\"wp-block-column is-layout-flow wp-block-column-is-layout-flow\">\n<p><a href=\"\/en\/company\/#acteur-local\" data-type=\"page\" data-id=\"59\">A local player<\/a><\/p>\n<\/div>\n<\/div>\n\n\n\n<div class=\"wp-block-buttons is-horizontal is-content-justification-center is-layout-flex wp-container-core-buttons-is-layout-499968f5 wp-block-buttons-is-layout-flex\">\n<div class=\"wp-block-button\"><a class=\"wp-block-button__link wp-element-button\" href=\"https:\/\/www.dalyplastic.com\/en\/company\/\">Discover Dalyplastic<\/a><\/div>\n<\/div>\n<\/div><\/div>\n<\/div><\/footer>\n","protected":false},"excerpt":{"rendered":"<p>Industry et innovation au service de votre r\u00e9ussite Dalyplastic accompagne [&hellip;]<\/p>\n","protected":false},"author":1,"featured_media":0,"parent":0,"menu_order":0,"comment_status":"closed","ping_status":"closed","template":"","meta":{"footnotes":""},"class_list":["post-1363","page","type-page","status-publish","hentry"],"_links":{"self":[{"href":"https:\/\/www.dalyplastic.com\/en\/wp-json\/wp\/v2\/pages\/1363","targetHints":{"allow":["GET"]}}],"collection":[{"href":"https:\/\/www.dalyplastic.com\/en\/wp-json\/wp\/v2\/pages"}],"about":[{"href":"https:\/\/www.dalyplastic.com\/en\/wp-json\/wp\/v2\/types\/page"}],"author":[{"embeddable":true,"href":"https:\/\/www.dalyplastic.com\/en\/wp-json\/wp\/v2\/users\/1"}],"replies":[{"embeddable":true,"href":"https:\/\/www.dalyplastic.com\/en\/wp-json\/wp\/v2\/comments?post=1363"}],"version-history":[{"count":1,"href":"https:\/\/www.dalyplastic.com\/en\/wp-json\/wp\/v2\/pages\/1363\/revisions"}],"predecessor-version":[{"id":1399,"href":"https:\/\/www.dalyplastic.com\/en\/wp-json\/wp\/v2\/pages\/1363\/revisions\/1399"}],"wp:attachment":[{"href":"https:\/\/www.dalyplastic.com\/en\/wp-json\/wp\/v2\/media?parent=1363"}],"curies":[{"name":"wp","href":"https:\/\/api.w.org\/{rel}","templated":true}]}}