{"id":1362,"date":"2026-03-10T10:16:07","date_gmt":"2026-03-10T09:16:07","guid":{"rendered":"https:\/\/www.dalyplastic.com\/medical\/"},"modified":"2026-04-20T19:11:31","modified_gmt":"2026-04-20T17:11:31","slug":"medical","status":"publish","type":"page","link":"https:\/\/www.dalyplastic.com\/en\/medical\/","title":{"rendered":"Medical"},"content":{"rendered":"\n<header class=\"wp-block-group alignwide\" id=\"header-page\"><div class=\"wp-block-group__inner-container is-layout-flow wp-block-group-is-layout-flow\">\n<div class=\"wp-block-media-text alignwide has-media-on-the-right is-stacked-on-mobile\"><div class=\"wp-block-media-text__content\">\n<h1 class=\"wp-block-heading\"><strong>Medical plastic injection<\/strong> \u2014 long-term collaboration built on trust<\/h1>\n\n\n\n<p>Dalyplastic, a specialist in plastic injection moulding, rotational moulding and compression, is organised and structured to meet the requirements of the Medical and Pharmaceutical sector. <\/p>\n\n\n\n<p>Nous accompagnons nos clients \u00e0 chaque \u00e9tape de leurs projets de d\u00e9veloppement, en leur apportant des solutions fiables, durables et adapt\u00e9es \u00e0 leurs enjeux, afin qu\u2019ils puissent avancer en toute s\u00e9r\u00e9nit\u00e9 et confiance.<\/p>\n<\/div><figure class=\"wp-block-media-text__media\"><img loading=\"lazy\" decoding=\"async\" width=\"612\" height=\"340\" src=\"https:\/\/www.dalyplastic.com\/wp-content\/uploads\/2026\/03\/istockphoto-2153274551-612x612-1.jpg\" alt=\"\" class=\"wp-image-1241 size-full\" srcset=\"https:\/\/www.dalyplastic.com\/wp-content\/uploads\/2026\/03\/istockphoto-2153274551-612x612-1.jpg 612w, https:\/\/www.dalyplastic.com\/wp-content\/uploads\/2026\/03\/istockphoto-2153274551-612x612-1-300x167.jpg 300w\" sizes=\"auto, (max-width: 612px) 100vw, 612px\" \/><\/figure><\/div>\n<\/div><\/header>\n\n\n\n<div class=\"wp-block-group line-right\"><div class=\"wp-block-group__inner-container is-layout-flow wp-block-group-is-layout-flow\">\n<h2 class=\"wp-block-heading\">Plastics processing in the medical sector: anticipating risks and mastering processes<\/h2>\n\n\n\n<p>Respecter les contraintes en termes d\u2019hygi\u00e8ne et de r\u00e9glementation et assurer la stabilit\u00e9 d\u2019un processus dans la dur\u00e9e est l\u2019apanage des entreprises comme la n\u00f4tre. C\u2019est le r\u00e9sultat d\u2019un savoir-faire industriel <a href=\"https:\/\/www.dalyplastic.com\/en\/global-project-management\/\" data-type=\"page\" data-id=\"554\">multi proc\u00e9d\u00e9s<\/a> ax\u00e9 sur l\u2019excellence.<\/p>\n\n\n\n<p>Nos \u00e9quipes s\u2019assurent de la fiabilit\u00e9 et de la r\u00e9p\u00e9tabilit\u00e9 de toutes les \u00e9tapes Un soin particulier est port\u00e9 \u00e0 la qualit\u00e9 des \u00e9quipements choisis et \u00e0 leur maintenance continue.<\/p>\n<\/div><\/div>\n\n\n\n<div class=\"wp-block-buttons is-horizontal is-content-justification-center is-layout-flex wp-container-core-buttons-is-layout-499968f5 wp-block-buttons-is-layout-flex\">\n<div class=\"wp-block-button\"><a class=\"wp-block-button__link wp-element-button\" href=\"\/en\/contact\/\"><strong>Besoin d\u2019accompagnement&nbsp;?<\/strong><\/a><\/div>\n<\/div>\n\n\n\n<div class=\"wp-block-columns are-vertically-aligned-top bloc-focus is-layout-flex wp-container-core-columns-is-layout-9d6595d7 wp-block-columns-is-layout-flex\">\n<div class=\"wp-block-column is-vertically-aligned-top is-layout-flow wp-block-column-is-layout-flow\" style=\"flex-basis:50%\">\n<div class=\"wp-block-group focus\"><div class=\"wp-block-group__inner-container is-layout-flow wp-block-group-is-layout-flow\">\n<h2 class=\"wp-block-heading\">We commit to your side<\/h2>\n\n\n\n<p>Dalyplastic est reconnue pour sa capacit\u00e9 \u00e0 fournir les pi\u00e8ces idoines, dans les quantit\u00e9s demand\u00e9es et au niveau de qualit\u00e9 exig\u00e9. Nous savons pr\u00e9voir les propri\u00e9t\u00e9s m\u00e9caniques de la pi\u00e8ce, choisir les caract\u00e9ristiques des mati\u00e8res, les adapter \u00e0 la fonction de la pi\u00e8ce, tenir compte des exigences particuli\u00e8res, et \u00e9valuer le co\u00fbt. Que vos projets s\u2019articulent autour d\u2019applications m\u00e9dicales, d\u2019applications machines, ou plus pr\u00e9cis\u00e9ment de poires m\u00e9dicales.<\/p>\n\n\n\n<p>En outre, notre forte expertise en injection plastique dans le secteur m\u00e9dical fait que nous travaillons sur le long terme avec nos clients qui ont toute confiance en nos \u00e9quipes. Nous avons conscience d\u2019\u00eatre un maillon constitutif de projets n\u00e9cessitant des ann\u00e9es de d\u00e9veloppement.<\/p>\n<\/div><\/div>\n<\/div>\n\n\n\n<div class=\"wp-block-column is-vertically-aligned-top is-layout-flow wp-block-column-is-layout-flow\" style=\"flex-basis:50%\">\n<figure class=\"wp-block-image size-large\"><img decoding=\"async\" src=\"https:\/\/www.iokeplastic.com\/wp-content\/uploads\/iStock-1046112892-1024x683.jpg\" alt=\"\" class=\"wp-image-1083\"\/><\/figure>\n<\/div>\n<\/div>\n\n\n\n<footer id=\"contact-footer-page\" class=\"wp-block-group\"><div class=\"wp-block-group__inner-container is-layout-flow wp-block-group-is-layout-flow\">\n<div class=\"wp-block-cover is-light\"><img decoding=\"async\" class=\"wp-block-cover__image-background wp-image-1078\" alt=\"\" src=\"https:\/\/www.iokeplastic.com\/wp-content\/uploads\/iStock-1201354506.jpg\" data-object-fit=\"cover\"\/><span aria-hidden=\"true\" class=\"wp-block-cover__background has-background-dim\"><\/span><div class=\"wp-block-cover__inner-container is-layout-flow wp-block-cover-is-layout-flow\">\n<h2 class=\"wp-block-heading has-text-align-center\">Dalyplastic \u2014 your growth partner!<\/h2>\n\n\n\n<div class=\"wp-block-columns is-layout-flex wp-container-core-columns-is-layout-9d6595d7 wp-block-columns-is-layout-flex\">\n<div class=\"wp-block-column is-layout-flow wp-block-column-is-layout-flow\">\n<p><a href=\"https:\/\/www.dalyplastic.com\/en\/design-tooling\/\" data-type=\"page\" data-id=\"954\">Multi technologies<\/a><\/p>\n<\/div>\n\n\n\n<div class=\"wp-block-column is-layout-flow wp-block-column-is-layout-flow\">\n<p><a href=\"https:\/\/www.dalyplastic.com\/produits\/\" data-type=\"page\" data-id=\"300\">Available products<\/a><\/p>\n<\/div>\n\n\n\n<div class=\"wp-block-column is-layout-flow wp-block-column-is-layout-flow\">\n<p><a href=\"https:\/\/www.dalyplastic.com\/en\/global-project-management\/\" data-type=\"page\" data-id=\"38\">Full support<\/a><\/p>\n<\/div>\n\n\n\n<div class=\"wp-block-column is-layout-flow wp-block-column-is-layout-flow\">\n<p><a href=\"\/en\/company\/#acteur-local\" data-type=\"page\" data-id=\"59\">A local player<\/a><\/p>\n<\/div>\n<\/div>\n\n\n\n<div class=\"wp-block-buttons is-horizontal is-content-justification-center is-layout-flex wp-container-core-buttons-is-layout-499968f5 wp-block-buttons-is-layout-flex\">\n<div class=\"wp-block-button\"><a class=\"wp-block-button__link wp-element-button\" href=\"https:\/\/www.dalyplastic.com\/en\/company\/\">Discover Dalyplastic<\/a><\/div>\n<\/div>\n<\/div><\/div>\n<\/div><\/footer>\n","protected":false},"excerpt":{"rendered":"<p>Medical plastic injection \u2014 long-term collaboration built on trust Dalyplastic, [&hellip;]<\/p>\n","protected":false},"author":1,"featured_media":0,"parent":0,"menu_order":0,"comment_status":"closed","ping_status":"closed","template":"","meta":{"footnotes":""},"class_list":["post-1362","page","type-page","status-publish","hentry"],"_links":{"self":[{"href":"https:\/\/www.dalyplastic.com\/en\/wp-json\/wp\/v2\/pages\/1362","targetHints":{"allow":["GET"]}}],"collection":[{"href":"https:\/\/www.dalyplastic.com\/en\/wp-json\/wp\/v2\/pages"}],"about":[{"href":"https:\/\/www.dalyplastic.com\/en\/wp-json\/wp\/v2\/types\/page"}],"author":[{"embeddable":true,"href":"https:\/\/www.dalyplastic.com\/en\/wp-json\/wp\/v2\/users\/1"}],"replies":[{"embeddable":true,"href":"https:\/\/www.dalyplastic.com\/en\/wp-json\/wp\/v2\/comments?post=1362"}],"version-history":[{"count":1,"href":"https:\/\/www.dalyplastic.com\/en\/wp-json\/wp\/v2\/pages\/1362\/revisions"}],"predecessor-version":[{"id":1398,"href":"https:\/\/www.dalyplastic.com\/en\/wp-json\/wp\/v2\/pages\/1362\/revisions\/1398"}],"wp:attachment":[{"href":"https:\/\/www.dalyplastic.com\/en\/wp-json\/wp\/v2\/media?parent=1362"}],"curies":[{"name":"wp","href":"https:\/\/api.w.org\/{rel}","templated":true}]}}