{"id":1359,"date":"2026-03-18T08:38:27","date_gmt":"2026-03-18T07:38:27","guid":{"rendered":"https:\/\/www.dalyplastic.com\/design-tooling\/"},"modified":"2026-04-20T19:11:29","modified_gmt":"2026-04-20T17:11:29","slug":"design-tooling","status":"publish","type":"page","link":"https:\/\/www.dalyplastic.com\/en\/design-tooling\/","title":{"rendered":"Design &#038; Tooling"},"content":{"rendered":"\n<header class=\"wp-block-group alignwide\" id=\"header-page\"><div class=\"wp-block-group__inner-container is-layout-flow wp-block-group-is-layout-flow\">\n<div class=\"wp-block-media-text alignwide has-media-on-the-right is-stacked-on-mobile\"><div class=\"wp-block-media-text__content\">\n<h1 class=\"wp-block-heading\"><strong>Une conception produits et outillages <\/strong>quelque soit le proc\u00e9d\u00e9 de fabrication<\/h1>\n\n\n\n<p>La conception de vos produits et de vos outillages, qu\u2019il s\u2019agisse <a href=\"https:\/\/www.dalyplastic.com\/en\/global-project-management\/\" data-type=\"page\" data-id=\"554\">d\u2019injection<\/a>, de <a href=\"https:\/\/www.dalyplastic.com\/en\/rotational-moulding\/\" data-type=\"page\" data-id=\"607\">rotomoulage <\/a>ou de <a href=\"https:\/\/www.dalyplastic.com\/en\/compression-moulding\/\" data-type=\"page\" data-id=\"708\">compression<\/a>, constitue une \u00e9tape cl\u00e9 dans la r\u00e9ussite de vos projets. Nous d\u00e9veloppons des solutions d\u2019outillage optimis\u00e9es afin de garantir une production fiable, performante et durable dans le temps. Cette approche s\u2019inscrit pleinement dans notre vision d\u2019une plasturgie responsable, alliant efficacit\u00e9 industrielle et ma\u00eetrise des ressources.<\/p>\n<\/div><figure class=\"wp-block-media-text__media\"><img loading=\"lazy\" decoding=\"async\" width=\"612\" height=\"408\" src=\"https:\/\/www.dalyplastic.com\/wp-content\/uploads\/2026\/03\/istockphoto-1208372803-612x612-1.jpg\" alt=\"\" class=\"wp-image-1187 size-full\" srcset=\"https:\/\/www.dalyplastic.com\/wp-content\/uploads\/2026\/03\/istockphoto-1208372803-612x612-1.jpg 612w, https:\/\/www.dalyplastic.com\/wp-content\/uploads\/2026\/03\/istockphoto-1208372803-612x612-1-300x200.jpg 300w\" sizes=\"auto, (max-width: 612px) 100vw, 612px\" \/><\/figure><\/div>\n<\/div><\/header>\n\n\n\n<div class=\"wp-block-group line-right\"><div class=\"wp-block-group__inner-container is-layout-flow wp-block-group-is-layout-flow\">\n<h2 class=\"wp-block-heading\">Local and Made in France<\/h2>\n\n\n\n<p>Nous proposons \u00e0 nos clients des outillages Made in France via notre&nbsp;panel d\u2019outilleurs locaux&nbsp;performants en termes de qualit\u00e9, co\u00fbts et d\u00e9lais. Ou bien des solutions en provenance d&#8217;autres pays europ\u00e9ens ou&nbsp;d\u2019Asie.&nbsp;<\/p>\n\n\n\n<blockquote class=\"wp-block-quote is-layout-flow wp-block-quote-is-layout-flow\">\n<p>Our lead times help reduce design risk and limit costs<\/p>\n<\/blockquote>\n<\/div><\/div>\n\n\n\n<div class=\"wp-block-columns are-vertically-aligned-top bloc-focus is-layout-flex wp-container-core-columns-is-layout-9d6595d7 wp-block-columns-is-layout-flex\">\n<div class=\"wp-block-column is-vertically-aligned-top is-layout-flow wp-block-column-is-layout-flow\" style=\"flex-basis:50%\">\n<div class=\"wp-block-group focus\"><div class=\"wp-block-group__inner-container is-layout-flow wp-block-group-is-layout-flow\">\n<h2 class=\"wp-block-heading\">Longevity and risk management&nbsp;<\/h2>\n\n\n\n<p>A dedicated technical team and tooling maintenance workshop guarantee Dalyplastic the reactivity essential for addressing priority needs on client tooling. <\/p>\n\n\n\n<p>Dalyplastic takes over and upgrades tooling to guarantee conforming production in its workshops. Our flexibility and technical expertise always allow us to find the best solution. <\/p>\n\n\n\n<div class=\"wp-block-buttons is-layout-flex wp-block-buttons-is-layout-flex\">\n<div class=\"wp-block-button modal-btn\"><a class=\"wp-block-button__link wp-element-button\" href=\"#exemples-application\">Discover our application examples<\/a><\/div>\n<\/div>\n<\/div><\/div>\n<\/div>\n\n\n\n<div class=\"wp-block-column is-vertically-aligned-top is-layout-flow wp-block-column-is-layout-flow\" style=\"flex-basis:50%\">\n<figure class=\"wp-block-image size-large\"><img loading=\"lazy\" decoding=\"async\" width=\"1024\" height=\"862\" src=\"https:\/\/www.dalyplastic.com\/wp-content\/uploads\/2026\/03\/IMG_3941-scaled-e1773924992225-1024x862.jpg\" alt=\"\" class=\"wp-image-1179\" srcset=\"https:\/\/www.dalyplastic.com\/wp-content\/uploads\/2026\/03\/IMG_3941-scaled-e1773924992225-1024x862.jpg 1024w, https:\/\/www.dalyplastic.com\/wp-content\/uploads\/2026\/03\/IMG_3941-scaled-e1773924992225-300x253.jpg 300w, https:\/\/www.dalyplastic.com\/wp-content\/uploads\/2026\/03\/IMG_3941-scaled-e1773924992225-768x647.jpg 768w, https:\/\/www.dalyplastic.com\/wp-content\/uploads\/2026\/03\/IMG_3941-scaled-e1773924992225-1536x1294.jpg 1536w, https:\/\/www.dalyplastic.com\/wp-content\/uploads\/2026\/03\/IMG_3941-scaled-e1773924992225.jpg 1920w\" sizes=\"auto, (max-width: 1024px) 100vw, 1024px\" \/><\/figure>\n<\/div>\n<\/div>\n\n\n\n<div id=\"exemples-application\" class=\"wp-block-group modal\"><div class=\"wp-block-group__inner-container is-layout-flow wp-block-group-is-layout-flow\">\n<div class=\"wp-block-group modal-content\"><div class=\"wp-block-group__inner-container is-layout-flow wp-block-group-is-layout-flow\">\n<span class=\"close\">\u00d7<\/span>\n\n\n\n<h2 class=\"wp-block-heading\">Exemple de mise en application<\/h2>\n\n\n\n<div class=\"wp-block-columns is-layout-flex wp-container-core-columns-is-layout-9d6595d7 wp-block-columns-is-layout-flex\">\n<div class=\"wp-block-column is-layout-flow wp-block-column-is-layout-flow\" style=\"flex-basis:50%\">\n<ul class=\"wp-block-list\">\n<li>Tooling takeover<\/li>\n\n\n\n<li>Upgrade and refurbishment<\/li>\n\n\n\n<li>Optimisation,<\/li>\n<\/ul>\n<\/div>\n\n\n\n<div class=\"wp-block-column is-layout-flow wp-block-column-is-layout-flow\" style=\"flex-basis:50%\">\n<ul class=\"wp-block-list\">\n<li>Repair,&nbsp;<\/li>\n\n\n\n<li>Compliance update<\/li>\n<\/ul>\n<\/div>\n<\/div>\n<\/div><\/div>\n<\/div><\/div>\n\n\n\n<div class=\"wp-block-group points-forts\"><div class=\"wp-block-group__inner-container is-layout-flow wp-block-group-is-layout-flow\">\n<h2 class=\"wp-block-heading has-text-align-center after-title\">What Dalyplastic support brings you<\/h2>\n\n\n\n<div class=\"wp-block-columns is-layout-flex wp-container-core-columns-is-layout-9d6595d7 wp-block-columns-is-layout-flex\">\n<div class=\"wp-block-column is-layout-flow wp-block-column-is-layout-flow\">\n<figure class=\"wp-block-image size-full\"><img decoding=\"async\" src=\"https:\/\/www.iokeplastic.com\/wp-content\/uploads\/support-ioke-investissement.png\" alt=\"Optimise investment costs\" class=\"wp-image-305\"\/><\/figure>\n\n\n\n<p class=\"has-text-align-center\">Optimise investment costs<\/p>\n<\/div>\n\n\n\n<div class=\"wp-block-column is-layout-flow wp-block-column-is-layout-flow\">\n<figure class=\"wp-block-image size-full\"><img decoding=\"async\" src=\"https:\/\/www.iokeplastic.com\/wp-content\/uploads\/support-ioke-partenaire.png\" alt=\"Etre rassur\u00e9 et s\u2019appuyer sur un partenaire de confiance\" class=\"wp-image-302\"\/><\/figure>\n\n\n\n<p class=\"has-text-align-center\">Etre rassur\u00e9 et s\u2019appuyer sur un partenaire de confiance <\/p>\n<\/div>\n\n\n\n<div class=\"wp-block-column is-layout-flow wp-block-column-is-layout-flow\">\n<figure class=\"wp-block-image size-full\"><img decoding=\"async\" src=\"https:\/\/www.iokeplastic.com\/wp-content\/uploads\/support-ioke-outillages.png\" alt=\"Limit risk on machines and tooling\" class=\"wp-image-304\"\/><\/figure>\n\n\n\n<p class=\"has-text-align-center\">Limit risk on machines and tooling <\/p>\n<\/div>\n\n\n\n<div class=\"wp-block-column is-layout-flow wp-block-column-is-layout-flow\">\n<figure class=\"wp-block-image size-full\"><img decoding=\"async\" src=\"https:\/\/www.iokeplastic.com\/wp-content\/uploads\/support-ioke-economie.png\" alt=\"Make substantial savings\" class=\"wp-image-303\"\/><\/figure>\n\n\n\n<p class=\"has-text-align-center\">Make substantial savings <\/p>\n<\/div>\n<\/div>\n<\/div><\/div>\n\n\n\n<div style=\"height:100px\" aria-hidden=\"true\" class=\"wp-block-spacer\"><\/div>\n\n\n\n<div class=\"wp-block-buttons is-horizontal is-content-justification-center is-layout-flex wp-container-core-buttons-is-layout-499968f5 wp-block-buttons-is-layout-flex\">\n<div class=\"wp-block-button\"><a class=\"wp-block-button__link wp-element-button\" href=\"\/contact\/\">Besoin d\u2019un outillage durable<\/a><\/div>\n<\/div>\n\n\n\n<footer id=\"contact-footer-page\" class=\"wp-block-group\"><div class=\"wp-block-group__inner-container is-layout-flow wp-block-group-is-layout-flow\">\n<div class=\"wp-block-cover is-light\"><img loading=\"lazy\" decoding=\"async\" width=\"2146\" height=\"802\" class=\"wp-block-cover__image-background wp-image-980 size-full\" alt=\"\" src=\"https:\/\/www.dalyplastic.com\/wp-content\/uploads\/2026\/03\/IMG_3927-scaled-e1773913010189.jpg\" data-object-fit=\"cover\" srcset=\"https:\/\/www.dalyplastic.com\/wp-content\/uploads\/2026\/03\/IMG_3927-scaled-e1773913010189.jpg 2146w, https:\/\/www.dalyplastic.com\/wp-content\/uploads\/2026\/03\/IMG_3927-scaled-e1773913010189-300x112.jpg 300w, https:\/\/www.dalyplastic.com\/wp-content\/uploads\/2026\/03\/IMG_3927-scaled-e1773913010189-1024x383.jpg 1024w, https:\/\/www.dalyplastic.com\/wp-content\/uploads\/2026\/03\/IMG_3927-scaled-e1773913010189-768x287.jpg 768w, https:\/\/www.dalyplastic.com\/wp-content\/uploads\/2026\/03\/IMG_3927-scaled-e1773913010189-1536x574.jpg 1536w, https:\/\/www.dalyplastic.com\/wp-content\/uploads\/2026\/03\/IMG_3927-scaled-e1773913010189-2048x765.jpg 2048w\" sizes=\"auto, (max-width: 2146px) 100vw, 2146px\" \/><span aria-hidden=\"true\" class=\"wp-block-cover__background has-background-dim\" style=\"background-color:#817c78\"><\/span><div class=\"wp-block-cover__inner-container is-layout-flow wp-block-cover-is-layout-flow\">\n<h2 class=\"wp-block-heading has-text-align-center\">Dalyplastic \u2014 your growth partner!<\/h2>\n\n\n\n<div class=\"wp-block-columns is-layout-flex wp-container-core-columns-is-layout-9d6595d7 wp-block-columns-is-layout-flex\">\n<div class=\"wp-block-column is-layout-flow wp-block-column-is-layout-flow\">\n<p><a href=\"https:\/\/www.dalyplastic.com\/en\/design-tooling\/\" data-type=\"page\" data-id=\"954\">Multi technologies<\/a><\/p>\n<\/div>\n\n\n\n<div class=\"wp-block-column is-layout-flow wp-block-column-is-layout-flow\">\n<p><a href=\"https:\/\/www.dalyplastic.com\/produits\/\" data-type=\"page\" data-id=\"300\">Available products<\/a><\/p>\n<\/div>\n\n\n\n<div class=\"wp-block-column is-layout-flow wp-block-column-is-layout-flow\">\n<p><a href=\"https:\/\/www.dalyplastic.com\/en\/global-project-management\/\" data-type=\"page\" data-id=\"38\">Full support<\/a><\/p>\n<\/div>\n\n\n\n<div class=\"wp-block-column is-layout-flow wp-block-column-is-layout-flow\">\n<p><a href=\"\/en\/company\/#acteur-local\" data-type=\"page\" data-id=\"59\">A local player<\/a><\/p>\n<\/div>\n<\/div>\n\n\n\n<div class=\"wp-block-buttons is-horizontal is-content-justification-center is-layout-flex wp-container-core-buttons-is-layout-499968f5 wp-block-buttons-is-layout-flex\">\n<div class=\"wp-block-button\"><a class=\"wp-block-button__link wp-element-button\" href=\"https:\/\/www.dalyplastic.com\/en\/company\/\">Discover Dalyplastic<\/a><\/div>\n<\/div>\n<\/div><\/div>\n<\/div><\/footer>\n","protected":false},"excerpt":{"rendered":"<p>Une conception produits et outillages quelque soit le proc\u00e9d\u00e9 de [&hellip;]<\/p>\n","protected":false},"author":1,"featured_media":0,"parent":0,"menu_order":0,"comment_status":"closed","ping_status":"closed","template":"","meta":{"footnotes":""},"class_list":["post-1359","page","type-page","status-publish","hentry"],"_links":{"self":[{"href":"https:\/\/www.dalyplastic.com\/en\/wp-json\/wp\/v2\/pages\/1359","targetHints":{"allow":["GET"]}}],"collection":[{"href":"https:\/\/www.dalyplastic.com\/en\/wp-json\/wp\/v2\/pages"}],"about":[{"href":"https:\/\/www.dalyplastic.com\/en\/wp-json\/wp\/v2\/types\/page"}],"author":[{"embeddable":true,"href":"https:\/\/www.dalyplastic.com\/en\/wp-json\/wp\/v2\/users\/1"}],"replies":[{"embeddable":true,"href":"https:\/\/www.dalyplastic.com\/en\/wp-json\/wp\/v2\/comments?post=1359"}],"version-history":[{"count":1,"href":"https:\/\/www.dalyplastic.com\/en\/wp-json\/wp\/v2\/pages\/1359\/revisions"}],"predecessor-version":[{"id":1395,"href":"https:\/\/www.dalyplastic.com\/en\/wp-json\/wp\/v2\/pages\/1359\/revisions\/1395"}],"wp:attachment":[{"href":"https:\/\/www.dalyplastic.com\/en\/wp-json\/wp\/v2\/media?parent=1359"}],"curies":[{"name":"wp","href":"https:\/\/api.w.org\/{rel}","templated":true}]}}