{"id":1358,"date":"2026-03-13T16:53:53","date_gmt":"2026-03-13T15:53:53","guid":{"rendered":"https:\/\/www.dalyplastic.com\/global-project-management\/"},"modified":"2026-04-21T11:56:47","modified_gmt":"2026-04-21T09:56:47","slug":"global-project-management","status":"publish","type":"page","link":"https:\/\/www.dalyplastic.com\/en\/global-project-management\/","title":{"rendered":"Project Management"},"content":{"rendered":"\n<header class=\"wp-block-group alignwide\" id=\"header-page\"><div class=\"wp-block-group__inner-container is-layout-flow wp-block-group-is-layout-flow\">\n<div class=\"wp-block-media-text alignwide has-media-on-the-right is-stacked-on-mobile\"><div class=\"wp-block-media-text__content\">\n<h1 class=\"wp-block-heading\"><strong>La r\u00e9alisation de produits durables <\/strong>gr\u00e2ce \u00e0 une solution globale en plasturgie<\/h1>\n\n\n\n<p>Dalyplastic offers a complete solution in plastic injection moulding, rotational moulding and compression in Bourgogne Franche-Comt\u00e9. Whether you are an industrial manufacturer, wholesaler or plastic product publisher, delegating plastic product manufacturing allows you to focus on your core business and conquer new markets with confidence and security.<\/p>\n\n\n\n<p>Nous nous inscrivons \u00e0 vos c\u00f4t\u00e9s dans le cadre d\u2019un co-d\u00e9veloppement de projet et s\u00e9curisons toutes ses phases. To ensure a rapid return on investment in sectors including <a href=\"https:\/\/www.dalyplastic.com\/en\/agri-food\/\" data-type=\"page\" data-id=\"946\">l&#8217;agro-alimentaire<\/a>, du <a href=\"https:\/\/www.dalyplastic.com\/en\/building\/\" data-type=\"page\" data-id=\"949\">b\u00e2timent<\/a>, du <a href=\"https:\/\/www.dalyplastic.com\/en\/medical\/\" data-type=\"page\" data-id=\"770\">m\u00e9dical<\/a>, ou de l\u2019<a href=\"https:\/\/www.dalyplastic.com\/en\/industry\/\" data-type=\"page\" data-id=\"643\">industrie<\/a>.<\/p>\n<\/div><figure class=\"wp-block-media-text__media\"><img loading=\"lazy\" decoding=\"async\" width=\"597\" height=\"390\" src=\"https:\/\/www.dalyplastic.com\/wp-content\/uploads\/2026\/03\/istockphoto-1442781643-1024x1024-1-e1773852970311.jpg\" alt=\"\" class=\"wp-image-1085 size-full\" srcset=\"https:\/\/www.dalyplastic.com\/wp-content\/uploads\/2026\/03\/istockphoto-1442781643-1024x1024-1-e1773852970311.jpg 597w, https:\/\/www.dalyplastic.com\/wp-content\/uploads\/2026\/03\/istockphoto-1442781643-1024x1024-1-e1773852970311-300x196.jpg 300w\" sizes=\"auto, (max-width: 597px) 100vw, 597px\" \/><\/figure><\/div>\n<\/div><\/header>\n\n\n\n<div class=\"wp-block-group line-right\"><div class=\"wp-block-group__inner-container is-layout-flow wp-block-group-is-layout-flow\">\n<h2 class=\"wp-block-heading\">A vos c\u00f4t\u00e9s dans l\u2019atteinte de vos objectifs<\/h2>\n\n\n\n<p>We implement the design and production of our clients&#8217; parts in the shortest possible time, given their technical choices. We adapt to client needs with agile, reactive teams. <\/p>\n\n\n\n<p>Nous sommes force de proposition pour, le cas \u00e9ch\u00e9ant, apporter une r\u00e9ponse qui va au-del\u00e0 des attentes de nos clients. L\u2019am\u00e9lioration continue et <a href=\"https:\/\/www.dalyplastic.com\/en\/company\/\" data-type=\"page\" data-id=\"59\">l\u2019innovation sont ancr\u00e9es dans notre ADN<\/a>, avec une app\u00e9tence pour les projets complexes et audacieux.<\/p>\n\n\n\n<blockquote class=\"wp-block-quote is-layout-flow wp-block-quote-is-layout-flow\">\n<p><strong>Le saviez-vous&nbsp;?<\/strong>&nbsp; <\/p>\n\n\n\n<p>Dalyplastic can enable a very rapid market launch of small production runs.<\/p>\n<\/blockquote>\n<\/div><\/div>\n\n\n\n<div class=\"wp-block-columns alignwide is-layout-flex wp-container-core-columns-is-layout-9d6595d7 wp-block-columns-is-layout-flex\">\n<div class=\"wp-block-column is-vertically-aligned-center is-layout-flow wp-block-column-is-layout-flow\" style=\"flex-basis:50%\">\n<h2 class=\"wp-block-heading\"><strong>VOTRE solution globale <\/strong>en plasturgie<\/h2>\n\n\n\n<p>Nous combinons nos comp\u00e9tences humaines, techniques et organisationnelles pour \u00e9tudier, analyser, cr\u00e9er, tester, diffuser vos produits plastiques. La recherche de valeur ajout\u00e9e et de comp\u00e9titivit\u00e9 pour vos produits est fondamentale&nbsp;:<\/p>\n\n\n\n<ul class=\"wp-block-list\">\n<li>function integration,<\/li>\n\n\n\n<li>use of high-performance materials,<\/li>\n\n\n\n<li>technologies d\u2019injection innovantes.<\/li>\n<\/ul>\n<\/div>\n\n\n\n<div class=\"wp-block-column is-layout-flow wp-block-column-is-layout-flow\" style=\"flex-basis:50%\">\n<figure class=\"wp-block-image size-full\"><img loading=\"lazy\" decoding=\"async\" width=\"1024\" height=\"682\" src=\"https:\/\/www.dalyplastic.com\/wp-content\/uploads\/2026\/03\/istockphoto-2179903053-1024x1024-copy.png\" alt=\"\" class=\"wp-image-1097\" srcset=\"https:\/\/www.dalyplastic.com\/wp-content\/uploads\/2026\/03\/istockphoto-2179903053-1024x1024-copy.png 1024w, https:\/\/www.dalyplastic.com\/wp-content\/uploads\/2026\/03\/istockphoto-2179903053-1024x1024-copy-300x200.png 300w, https:\/\/www.dalyplastic.com\/wp-content\/uploads\/2026\/03\/istockphoto-2179903053-1024x1024-copy-768x512.png 768w\" sizes=\"auto, (max-width: 1024px) 100vw, 1024px\" \/><\/figure>\n<\/div>\n<\/div>\n\n\n\n<div class=\"wp-block-columns step-bloc is-layout-flex wp-container-core-columns-is-layout-9d6595d7 wp-block-columns-is-layout-flex\">\n<div class=\"wp-block-column step-1 is-layout-flow wp-block-column-is-layout-flow\">\n<p class=\"step-title\"><strong>1. In line with the specification, we manage feasibility studies<\/strong><\/p>\n\n\n\n<p>Etude de productivit\u00e9, de d\u00e9veloppement de produit, d\u2019optimisation de co\u00fbts et de logistique.<\/p>\n\n\n\n<p><\/p>\n\n\n\n<p><\/p>\n<\/div>\n\n\n\n<div class=\"wp-block-column step-2 is-layout-flow wp-block-column-is-layout-flow\">\n<p class=\"step-title\"><strong>2. Then come the prototype phases (parts and\/or tooling)<\/strong> <\/p>\n\n\n\n<p>Design and production of tooling through to commissioning, finishing and logistics.&nbsp;<\/p>\n<\/div>\n\n\n\n<div class=\"wp-block-column step-3 is-layout-flow wp-block-column-is-layout-flow\">\n<p class=\"step-title\"><strong>3. We also guide you in your choice of materials.<\/strong> <\/p>\n\n\n\n<p>Un tr\u00e8s large choix de thermoplastiques r\u00e9pond \u00e0 tous vos besoins. Le choix de la mati\u00e8re sera d\u00e9fini en fonction de votre cahier des charges, des propri\u00e9t\u00e9s m\u00e9caniques, de l\u2019environnement d\u2019utilisation et des certifications n\u00e9cessaires.<\/p>\n<\/div>\n<\/div>\n\n\n\n<h2 class=\"wp-block-heading has-text-align-center after-title\">Advantages of Global Project Management<\/h2>\n\n\n\n<div class=\"wp-block-columns col-picto is-layout-flex wp-container-core-columns-is-layout-9d6595d7 wp-block-columns-is-layout-flex\">\n<div class=\"wp-block-column is-layout-flow wp-block-column-is-layout-flow\" style=\"flex-basis:25%\"><div class=\"wp-block-image\">\n<figure class=\"aligncenter size-thumbnail\"><img decoding=\"async\" src=\"https:\/\/www.iokeplastic.com\/wp-content\/uploads\/support-ioke-outillages-150x150.png\" alt=\"Limit risk on machines and tooling\" class=\"wp-image-304\"\/><\/figure>\n<\/div>\n\n\n<p class=\"has-text-align-center\"><strong>LOGISTICS<\/strong><\/p>\n\n\n\n<ul class=\"wp-block-list\">\n<li>Freed from production constraints, technical issues and logistics worries, your deliveries are smooth and regular.<\/li>\n\n\n\n<li>Your product is delivered on time and to the right recipients.<\/li>\n\n\n\n<li>You save time and reduce transport costs by relocalising your production.<\/li>\n<\/ul>\n<\/div>\n\n\n\n<div class=\"wp-block-column is-layout-flow wp-block-column-is-layout-flow\" style=\"flex-basis:25%\"><div class=\"wp-block-image\">\n<figure class=\"aligncenter size-thumbnail\"><img decoding=\"async\" src=\"https:\/\/www.iokeplastic.com\/wp-content\/uploads\/renewable-energy-150x150.png\" alt=\"\" class=\"wp-image-497\"\/><\/figure>\n<\/div>\n\n\n<p class=\"has-text-align-center\"><strong>ECOLOGICAL<\/strong><\/p>\n\n\n\n<ul class=\"wp-block-list\">\n<li>Vous r\u00e9duisez votre empreinte Carbone et participez \u00e0 l\u2019\u00e9conomie circulaire, gr\u00e2ce au biosourcing ou au recyclage mati\u00e8res.<\/li>\n\n\n\n<li>You rely on a local supplier ecosystem.<\/li>\n<\/ul>\n<\/div>\n\n\n\n<div class=\"wp-block-column is-layout-flow wp-block-column-is-layout-flow\" style=\"flex-basis:25%\"><div class=\"wp-block-image\">\n<figure class=\"aligncenter size-thumbnail\"><img decoding=\"async\" src=\"https:\/\/www.iokeplastic.com\/wp-content\/uploads\/support-ioke-investissement-150x150.png\" alt=\"Optimise investment costs\" class=\"wp-image-305\"\/><\/figure>\n<\/div>\n\n\n<p class=\"has-text-align-center\"><strong>ECONOMIC<\/strong><\/p>\n\n\n\n<ul class=\"wp-block-list\">\n<li>Vous \u00eates plus agiles et comp\u00e9titifs pour r\u00e9pondre aux demandes d\u2019un march\u00e9 fluctuant.<\/li>\n\n\n\n<li>You reduce labour costs while accelerating client satisfaction and productivity.<\/li>\n\n\n\n<li>You secure your plastic parts supply through a structured project approach.<\/li>\n\n\n\n<li>You reduce your raw material procurement costs.<\/li>\n<\/ul>\n<\/div>\n\n\n\n<div class=\"wp-block-column is-layout-flow wp-block-column-is-layout-flow\" style=\"flex-basis:25%\"><div class=\"wp-block-image\">\n<figure class=\"aligncenter size-thumbnail\"><img decoding=\"async\" src=\"https:\/\/www.iokeplastic.com\/wp-content\/uploads\/user-150x150.png\" alt=\"\" class=\"wp-image-501\"\/><\/figure>\n<\/div>\n\n\n<p class=\"has-text-align-center\"><strong>ORGANISATIONAL<\/strong><\/p>\n\n\n\n<ul class=\"wp-block-list\">\n<li>Vous vous recentrez sur votre c\u0153ur d\u2019activit\u00e9.<\/li>\n\n\n\n<li>Peak loads are absorbed through 7-day-a-week mobilisation of our presses.<\/li>\n\n\n\n<li>Vous b\u00e9n\u00e9ficiez d\u2019une chaine de production \u00e0 la demande et de fa\u00e7on ininterrompue.<\/li>\n\n\n\n<li>You increase your production capacity and reactivity.<\/li>\n<\/ul>\n<\/div>\n<\/div>\n\n\n\n<div class=\"wp-block-buttons is-horizontal is-content-justification-center is-layout-flex wp-container-core-buttons-is-layout-499968f5 wp-block-buttons-is-layout-flex\">\n<div class=\"wp-block-button\"><a class=\"wp-block-button__link wp-element-button\" href=\"\/en\/contact\/\">Avez-vous pens\u00e9 \u00e0 l\u2019accompagnement global&nbsp;?<\/a><\/div>\n<\/div>\n\n\n\n<footer id=\"contact-footer-page\" class=\"wp-block-group\"><div class=\"wp-block-group__inner-container is-layout-flow wp-block-group-is-layout-flow\">\n<div class=\"wp-block-cover is-light\"><img decoding=\"async\" class=\"wp-block-cover__image-background wp-image-1078\" alt=\"\" src=\"https:\/\/www.iokeplastic.com\/wp-content\/uploads\/iStock-1201354506.jpg\" data-object-fit=\"cover\"\/><span aria-hidden=\"true\" class=\"wp-block-cover__background has-background-dim\"><\/span><div class=\"wp-block-cover__inner-container is-layout-flow wp-block-cover-is-layout-flow\">\n<h2 class=\"wp-block-heading has-text-align-center\">Dalyplastic \u2014 your growth partner!<\/h2>\n\n\n\n<div class=\"wp-block-columns is-layout-flex wp-container-core-columns-is-layout-9d6595d7 wp-block-columns-is-layout-flex\">\n<div class=\"wp-block-column is-layout-flow wp-block-column-is-layout-flow\">\n<p><a href=\"https:\/\/www.dalyplastic.com\/en\/design-tooling\/\" data-type=\"page\" data-id=\"954\">Multi technologies<\/a><\/p>\n<\/div>\n\n\n\n<div class=\"wp-block-column is-layout-flow wp-block-column-is-layout-flow\">\n<p><a href=\"https:\/\/www.dalyplastic.com\/produits\/\" data-type=\"page\" data-id=\"300\">Available products<\/a><\/p>\n<\/div>\n\n\n\n<div class=\"wp-block-column is-layout-flow wp-block-column-is-layout-flow\">\n<p><a href=\"https:\/\/www.dalyplastic.com\/en\/global-project-management\/\" data-type=\"page\" data-id=\"38\">Full support<\/a><\/p>\n<\/div>\n\n\n\n<div class=\"wp-block-column is-layout-flow wp-block-column-is-layout-flow\">\n<p><a href=\"\/en\/company\/#acteur-local\" data-type=\"page\" data-id=\"59\">A local player<\/a><\/p>\n<\/div>\n<\/div>\n\n\n\n<div class=\"wp-block-buttons is-horizontal is-content-justification-center is-layout-flex wp-container-core-buttons-is-layout-499968f5 wp-block-buttons-is-layout-flex\">\n<div class=\"wp-block-button\"><a class=\"wp-block-button__link wp-element-button\" href=\"https:\/\/www.dalyplastic.com\/en\/company\/\">Discover Dalyplastic<\/a><\/div>\n<\/div>\n<\/div><\/div>\n<\/div><\/footer>\n","protected":false},"excerpt":{"rendered":"<p>La r\u00e9alisation de produits durables gr\u00e2ce \u00e0 une solution globale [&hellip;]<\/p>\n","protected":false},"author":1,"featured_media":0,"parent":0,"menu_order":0,"comment_status":"closed","ping_status":"closed","template":"","meta":{"footnotes":""},"class_list":["post-1358","page","type-page","status-publish","hentry"],"_links":{"self":[{"href":"https:\/\/www.dalyplastic.com\/en\/wp-json\/wp\/v2\/pages\/1358","targetHints":{"allow":["GET"]}}],"collection":[{"href":"https:\/\/www.dalyplastic.com\/en\/wp-json\/wp\/v2\/pages"}],"about":[{"href":"https:\/\/www.dalyplastic.com\/en\/wp-json\/wp\/v2\/types\/page"}],"author":[{"embeddable":true,"href":"https:\/\/www.dalyplastic.com\/en\/wp-json\/wp\/v2\/users\/1"}],"replies":[{"embeddable":true,"href":"https:\/\/www.dalyplastic.com\/en\/wp-json\/wp\/v2\/comments?post=1358"}],"version-history":[{"count":11,"href":"https:\/\/www.dalyplastic.com\/en\/wp-json\/wp\/v2\/pages\/1358\/revisions"}],"predecessor-version":[{"id":1401,"href":"https:\/\/www.dalyplastic.com\/en\/wp-json\/wp\/v2\/pages\/1358\/revisions\/1401"}],"wp:attachment":[{"href":"https:\/\/www.dalyplastic.com\/en\/wp-json\/wp\/v2\/media?parent=1358"}],"curies":[{"name":"wp","href":"https:\/\/api.w.org\/{rel}","templated":true}]}}