{"id":1353,"date":"2026-03-04T18:19:59","date_gmt":"2026-03-04T17:19:59","guid":{"rendered":"https:\/\/www.dalyplastic.com\/legal-notice\/"},"modified":"2026-04-30T12:46:35","modified_gmt":"2026-04-30T10:46:35","slug":"legal-notice","status":"publish","type":"page","link":"https:\/\/www.dalyplastic.com\/en\/legal-notice\/","title":{"rendered":"Legal Notice"},"content":{"rendered":"\n<h2 class=\"wp-block-heading\">D\u00e9clarations<\/h2>\n\n\n\n<p>Conform\u00e9ment \u00e0 la recommandation 2005-284 de la CNIL, le pr\u00e9sent site web n&#8217;a pas fait l&#8217;objet d&#8217;une d\u00e9claration en tant que tel. Toutefois, tous les traitements de donn\u00e9es pr\u00e9sents ou \u00e0 venir concernant ledit site ont \u00e9t\u00e9 ou seront d\u00e9clar\u00e9s \u00e0 la CNIL.<br>Conform\u00e9ment aux articles 38 et 40 de la loi 2004-801 du 06\/08\/2004, vous disposez d&#8217;un droit d&#8217;acc\u00e8s, de rectification, de suppression des donn\u00e9es vous concernant. Ce droit peut s&#8217;exercer en ligne en adressant un mail \u00e0 l&#8217;adresse <a href=\"mailto:contact@dalyplastic.com\" target=\"_blank\" rel=\"noreferrer noopener\">email de Dalyplastic<\/a> ou par courrier \u00e0 l&#8217;adresse suivante: Dalyplastic BP 5 &#8211; ZI Les Manteaux 89330 Saint Julien du Sault<\/p>\n\n\n\n<h2 class=\"wp-block-heading\">Modalit\u00e9s d\u2019exercice du droit d\u2019acc\u00e8s<\/h2>\n\n\n\n<p>Avant de vous adresser des donn\u00e9es personnelles, nous vous demanderons de nous fournir une preuve de votre identit\u00e9.<\/p>\n\n\n\n<p>Si vous n&#8217;\u00eates pas en mesure de prouver votre identit\u00e9, nous nous r\u00e9servons le droit de refuser de vous envoyer les donn\u00e9es personnelles vous concernant. Nous nous effor\u00e7ons de r\u00e9pondre \u00e0 ces requ\u00eates dans des d\u00e9lais raisonnables.<\/p>\n\n\n\n<p>Concernant les droits de rectification et de suppression : les conditions pr\u00e9alables sont identiques \u00e0 celles concernant le droit d\u2019acc\u00e8s.<\/p>\n\n\n\n<h2 class=\"wp-block-heading\">Propri\u00e9t\u00e9 Intellectuelle<\/h2>\n\n\n\n<p>Toutes les cr\u00e9ations logicielles pr\u00e9sentes sur notre site, les back-offices d\u2019administration, les services propos\u00e9s (forum, chat, livre d\u2019or\u2026.) sont des cr\u00e9ations originales et sont prot\u00e9g\u00e9es par le Droit d\u2019auteur.<\/p>\n\n\n\n<p>Tous les \u00e9l\u00e9ments constitutifs du squelette du site (photos, images, logos\u2026) sont \u00e9galement prot\u00e9g\u00e9es par le Droit d&#8217;auteur et sont la propri\u00e9t\u00e9 exclusive de la soci\u00e9t\u00e9 susmentionn\u00e9e.<\/p>\n\n\n\n<p>Les contenus du site (textes, articles\u2026) sont la propri\u00e9t\u00e9 exclusive de leurs auteurs et ne peuvent \u00eatre reproduits ni exploit\u00e9s sans l\u2019accord de ceux-ci.<\/p>\n\n\n\n<p>Les textes pr\u00e9sents provenant de sources externes ont \u00e9t\u00e9 reproduits avec l\u2019accord implicite ou explicite de leurs auteurs respectifs. A ce titre, mention est faite sur les sites des sources et des auteurs respectifs.<\/p>\n\n\n\n<h2 class=\"wp-block-heading\">Droit de r\u00e9ponse sur le site<\/h2>\n\n\n\n<p>Conform\u00e9ment \u00e0 l\u2019article 6 IV de la loi n\u00b02004-575, toute personne physique ou morale nomm\u00e9e ou d\u00e9sign\u00e9e sur le site <a href=\"\/\">www.dalyplastic.com<\/a> dispose d&#8217;un droit de r\u00e9ponse, sans pr\u00e9judice des demandes de correction ou de suppression du message qu&#8217;elle peut adresser au si\u00e9ge de l\u2019association.<\/p>\n\n\n\n<p>La demande d&#8217;exercice du droit de r\u00e9ponse, adress\u00e9e au directeur de la publication doit \u00eatre pr\u00e9sent\u00e9e au plus tard dans un d\u00e9lai de trois mois \u00e0 compter de la mise \u00e0 disposition du public du message justifiant cette demande.<\/p>\n\n\n\n<h2 class=\"wp-block-heading\">GESTION DES COOKIES<\/h2>\n\n\n\n<p>La configuration de la gestion des cookies peut \u00eatre effectu\u00e9e dans les param\u00e8tres de votre navigateur.<\/p>\n\n\n\n<p>Nous attirons votre attention sur le fait que la meilleure exp\u00e9rience utilisateur de navigation sur ce site ainsi que les conditions d\u2019acc\u00e8s \u00e0 certains services n\u00e9cessitent l\u2019utilisation de cookies.<\/p>\n\n\n\n<p>Here are the links to configure cookies on the main browsers:<\/p>\n\n\n\n<ul class=\"wp-block-list\">\n<li>Chrome: <a href=\"https:\/\/support.google.com\/chrome\/answer\/95647?hl=fr\" target=\"_blank\" rel=\"noreferrer noopener\">https:\/\/support.google.com\/chrome\/answer\/95647?hl=fr<\/a><\/li>\n\n\n\n<li>Internet Explorer: <a href=\"https:\/\/support.microsoft.com\/fr-fr\/help\/17442\/windows-internet-explorer-delete-manage-cookies\" target=\"_blank\" rel=\"noreferrer noopener\">https:\/\/support.microsoft.com\/fr-fr\/help\/17442\/windows-internet-explorer-delete-manage-cookies<\/a><\/li>\n\n\n\n<li>Firefox: <a href=\"https:\/\/support.mozilla.org\/fr\/kb\/activer-desactiver-cookies-preferences\" target=\"_blank\" rel=\"noreferrer noopener\">https:\/\/support.mozilla.org\/fr\/kb\/activer-desactiver-cookies-preferences<\/a><\/li>\n\n\n\n<li>Safari: <a href=\"https:\/\/support.apple.com\/kb\/PH21411?locale=fr_FR\" target=\"_blank\" rel=\"noreferrer noopener\">https:\/\/support.apple.com\/kb\/PH21411?locale=fr_FR<\/a><\/li>\n<\/ul>\n\n\n\n<h2 class=\"wp-block-heading\">Hosting<\/h2>\n\n\n\n<p>Our website is hosted on the servers of <a href=\"https:\/\/www.gandi.net\" target=\"_blank\" rel=\"noreferrer noopener\">Gandi<\/a>.<\/p>\n\n\n\n<h2 class=\"wp-block-heading\">Contact<\/h2>\n\n\n\n<p>Vous pouvez nous contacter \u00e0 l\u2019adresse <a href=\"mailto:contact@iokeplastic.com\" target=\"_blank\" rel=\"noreferrer noopener\"><\/a><a href=\"mailto:contact@dalyplastic.com\">email de Dalyplastic<\/a>\u00a0pour toute demande de renseignements, ou pour exercer votre droit d&#8217;acc\u00e8s.<\/p>\n","protected":false},"excerpt":{"rendered":"<p>D\u00e9clarations Conform\u00e9ment \u00e0 la recommandation 2005-284 de la CNIL, le [&hellip;]<\/p>\n","protected":false},"author":1,"featured_media":0,"parent":0,"menu_order":0,"comment_status":"closed","ping_status":"closed","template":"","meta":{"footnotes":""},"class_list":["post-1353","page","type-page","status-publish","hentry"],"_links":{"self":[{"href":"https:\/\/www.dalyplastic.com\/en\/wp-json\/wp\/v2\/pages\/1353","targetHints":{"allow":["GET"]}}],"collection":[{"href":"https:\/\/www.dalyplastic.com\/en\/wp-json\/wp\/v2\/pages"}],"about":[{"href":"https:\/\/www.dalyplastic.com\/en\/wp-json\/wp\/v2\/types\/page"}],"author":[{"embeddable":true,"href":"https:\/\/www.dalyplastic.com\/en\/wp-json\/wp\/v2\/users\/1"}],"replies":[{"embeddable":true,"href":"https:\/\/www.dalyplastic.com\/en\/wp-json\/wp\/v2\/comments?post=1353"}],"version-history":[{"count":1,"href":"https:\/\/www.dalyplastic.com\/en\/wp-json\/wp\/v2\/pages\/1353\/revisions"}],"predecessor-version":[{"id":1389,"href":"https:\/\/www.dalyplastic.com\/en\/wp-json\/wp\/v2\/pages\/1353\/revisions\/1389"}],"wp:attachment":[{"href":"https:\/\/www.dalyplastic.com\/en\/wp-json\/wp\/v2\/media?parent=1353"}],"curies":[{"name":"wp","href":"https:\/\/api.w.org\/{rel}","templated":true}]}}