{"id":1351,"date":"2026-03-04T12:00:27","date_gmt":"2026-03-04T11:00:27","guid":{"rendered":"https:\/\/www.dalyplastic.com\/company\/"},"modified":"2026-04-20T19:11:23","modified_gmt":"2026-04-20T17:11:23","slug":"company","status":"publish","type":"page","link":"https:\/\/www.dalyplastic.com\/en\/company\/","title":{"rendered":"Company"},"content":{"rendered":"\n<header class=\"wp-block-group alignwide\" id=\"header-page\"><div class=\"wp-block-group__inner-container is-layout-flow wp-block-group-is-layout-flow\">\n<div class=\"wp-block-media-text alignwide has-media-on-the-right is-stacked-on-mobile\"><div class=\"wp-block-media-text__content\">\n<h1 class=\"wp-block-heading\"><strong>Dalyplastic: Burgundy plastics specialist<\/strong> \u2014 Multi-technique expert since 1934.<\/h1>\n\n\n\n<p>Located in the Saint-Julien-du-Sault industrial zone, Dalyplastic brings over 90 years of expertise in the design, development and production of plastic components. We combine three processes: <a href=\"https:\/\/www.dalyplastic.com\/en\/global-project-management\/\" data-type=\"page\" data-id=\"554\">d\u2019injection<\/a>, de <a href=\"https:\/\/www.dalyplastic.com\/en\/rotational-moulding\/\" data-type=\"page\" data-id=\"607\">rotomoulage <\/a>et de <a href=\"https:\/\/www.dalyplastic.com\/en\/compression-moulding\/\" data-type=\"page\" data-id=\"708\">compression<\/a>.<\/p>\n\n\n\n<p>Elle est \u00e9galement experte en transformation de mati\u00e8res premi\u00e8res r\u00e9g\u00e9n\u00e9r\u00e9es. Engag\u00e9e en faveur d\u2019une plasturgie responsable, l\u2019entreprise place la valorisation des ressources au c\u0153ur de son d\u00e9veloppement et fait \u00e9voluer en permanence ses pratiques vers une injection plastique durable et cr\u00e9atrice de valeur.<\/p>\n<\/div><figure class=\"wp-block-media-text__media\"><img loading=\"lazy\" decoding=\"async\" width=\"1024\" height=\"768\" src=\"https:\/\/www.dalyplastic.com\/wp-content\/uploads\/2026\/03\/IMG_3930-1024x768.jpg\" alt=\"\" class=\"wp-image-1031 size-full\" srcset=\"https:\/\/www.dalyplastic.com\/wp-content\/uploads\/2026\/03\/IMG_3930-1024x768.jpg 1024w, https:\/\/www.dalyplastic.com\/wp-content\/uploads\/2026\/03\/IMG_3930-300x225.jpg 300w, https:\/\/www.dalyplastic.com\/wp-content\/uploads\/2026\/03\/IMG_3930-768x576.jpg 768w, https:\/\/www.dalyplastic.com\/wp-content\/uploads\/2026\/03\/IMG_3930-1536x1152.jpg 1536w, https:\/\/www.dalyplastic.com\/wp-content\/uploads\/2026\/03\/IMG_3930-2048x1536.jpg 2048w\" sizes=\"auto, (max-width: 1024px) 100vw, 1024px\" \/><\/figure><\/div>\n<\/div><\/header>\n\n\n\n<div class=\"wp-block-group line-right\"><div class=\"wp-block-group__inner-container is-layout-flow wp-block-group-is-layout-flow\">\n<h2 class=\"wp-block-heading\">Continuous adaptation<\/h2>\n\n\n\n<p>Depuis sa cr\u00e9ation en 1934, Dalyplastic s\u2019inscrit dans une dynamique d\u2019\u00e9volution constante, en int\u00e9grant en permanence les <a href=\"https:\/\/www.dalyplastic.com\/en\/global-project-management\/\" data-type=\"page\" data-id=\"554\">nouvelles technologies<\/a> au service de ses performances industrielles. C\u2019est une entreprise o\u00f9 les talents sont mis au service des besoins et du projet client, dans un esprit collectif et une logique d\u2019am\u00e9lioration continue. <a href=\"https:\/\/www.dalyplastic.com\/en\/recruitment\/\" data-type=\"page\" data-id=\"53\">Strongly committed to recruitment<\/a>, Dalyplastic continuously enriches its teams with human and technological skills to support its development and adaptation to new industrial challenges.<\/p>\n<\/div><\/div>\n\n\n\n<div style=\"height:100px\" aria-hidden=\"true\" id=\"acteur-local\" class=\"wp-block-spacer\"><\/div>\n\n\n\n<div class=\"wp-block-group bg-color frise\"><div class=\"wp-block-group__inner-container is-layout-flow wp-block-group-is-layout-flow\">\n<h2 class=\"wp-block-heading has-text-align-center after-title\">Our history and location<\/h2>\n\n\n\n<div class=\"wp-block-group date\"><div class=\"wp-block-group__inner-container is-layout-flow wp-block-group-is-layout-flow\">\n<div class=\"wp-block-group\"><div class=\"wp-block-group__inner-container is-layout-flow wp-block-group-is-layout-flow\">\n<p><strong>1934<\/strong> Founding of DALYPLASTIC, specialising in compression moulding<\/p>\n<\/div><\/div>\n\n\n\n<div class=\"wp-block-group\"><div class=\"wp-block-group__inner-container is-layout-flow wp-block-group-is-layout-flow\">\n<p><strong>1967<\/strong> Development of plastic injection moulding<\/p>\n<\/div><\/div>\n\n\n\n<div class=\"wp-block-group\"><div class=\"wp-block-group__inner-container is-layout-flow wp-block-group-is-layout-flow\">\n<p><strong>1980<\/strong> Development of the rotational moulding process<\/p>\n<\/div><\/div>\n\n\n\n<div class=\"wp-block-group\"><div class=\"wp-block-group__inner-container is-layout-flow wp-block-group-is-layout-flow\">\n<p><strong>1995<\/strong> Acquisition of PMC and relocation to the industrial zone<\/p>\n<\/div><\/div>\n\n\n\n<div class=\"wp-block-group\"><div class=\"wp-block-group__inner-container is-layout-flow wp-block-group-is-layout-flow\">\n<p><strong>2015<\/strong> Acquisition of Dalyplastic by David RIGAUD<\/p>\n<\/div><\/div>\n\n\n\n<div class=\"wp-block-group\"><div class=\"wp-block-group__inner-container is-layout-flow wp-block-group-is-layout-flow\">\n<p><strong>2020<\/strong> Acquisition of new hybrid presses<\/p>\n<\/div><\/div>\n\n\n\n<div class=\"wp-block-group\"><div class=\"wp-block-group__inner-container is-layout-flow wp-block-group-is-layout-flow\">\n<p><strong>2023<\/strong> Acquisition of MDPlast and Plastiques Delvall\u00e9e<\/p>\n<\/div><\/div>\n<\/div><\/div>\n<\/div><\/div>\n\n\n\n<div class=\"wp-block-columns are-vertically-aligned-top bloc-focus is-layout-flex wp-container-core-columns-is-layout-9d6595d7 wp-block-columns-is-layout-flex\">\n<div class=\"wp-block-column is-vertically-aligned-top is-layout-flow wp-block-column-is-layout-flow\" style=\"flex-basis:50%\">\n<div class=\"wp-block-group focus\"><div class=\"wp-block-group__inner-container is-layout-flow wp-block-group-is-layout-flow\">\n<h2 class=\"wp-block-heading\">Key strength: managing small production runs.<\/h2>\n\n\n\n<p>En compl\u00e9ment de productions de 500&nbsp;000 ou 1 Million de pi\u00e8ces, beaucoup de nos clients ont besoin de petites s\u00e9rie, de l\u2019ordre de quelques centaines de pi\u00e8ces. Or, la fabrication de ces petites s\u00e9ries d\u00e9pend de la main d\u2019\u0153uvre, du changement d\u2019outil, de presse, du&nbsp; temps de d\u00e9marrage ou d\u2019utilisation de mati\u00e8res.<\/p>\n\n\n\n<p>Dalyplastic meets these specific needs and supports its clients whatever their requirements. Our primary concern is product quality and client satisfaction. From small spacers to pump covers \u2014 every product comes off our presses.<\/p>\n\n\n\n<div class=\"wp-block-buttons is-horizontal is-content-justification-center is-layout-flex wp-container-core-buttons-is-layout-499968f5 wp-block-buttons-is-layout-flex\">\n<div class=\"wp-block-button modal-btn\" id=\"btn-parc-machine\"><a class=\"wp-block-button__link wp-element-button\" href=\"#parc-machine\">Discover our production equipment<\/a><\/div>\n<\/div>\n<\/div><\/div>\n<\/div>\n\n\n\n<div class=\"wp-block-column is-vertically-aligned-top is-layout-flow wp-block-column-is-layout-flow\" style=\"flex-basis:50%\">\n<figure class=\"wp-block-image size-large\"><img loading=\"lazy\" decoding=\"async\" width=\"864\" height=\"1024\" src=\"https:\/\/www.dalyplastic.com\/wp-content\/uploads\/2026\/03\/IMG_3928-scaled-e1773823926253-864x1024.jpg\" alt=\"\" class=\"wp-image-982\" srcset=\"https:\/\/www.dalyplastic.com\/wp-content\/uploads\/2026\/03\/IMG_3928-scaled-e1773823926253-864x1024.jpg 864w, https:\/\/www.dalyplastic.com\/wp-content\/uploads\/2026\/03\/IMG_3928-scaled-e1773823926253-253x300.jpg 253w, https:\/\/www.dalyplastic.com\/wp-content\/uploads\/2026\/03\/IMG_3928-scaled-e1773823926253-768x910.jpg 768w, https:\/\/www.dalyplastic.com\/wp-content\/uploads\/2026\/03\/IMG_3928-scaled-e1773823926253.jpg 1034w\" sizes=\"auto, (max-width: 864px) 100vw, 864px\" \/><\/figure>\n\n\n\n<div class=\"wp-block-group text-small-col\"><div class=\"wp-block-group__inner-container is-layout-flow wp-block-group-is-layout-flow\">\n<blockquote class=\"wp-block-quote is-layout-flow wp-block-quote-is-layout-flow\">\n<p><strong>R\u00e9pondre \u00e0 tous les besoins client<\/strong><\/p>\n\n\n\n<p>Pour rester au plus proche des besoins de nos <strong>clients industriels et distributeurs<\/strong>, nous ma\u00eetrisons les principaux <strong>proc\u00e9d\u00e9s de moulage par injection plastique<\/strong> : injection mono-mati\u00e8re, surmoulage, pose d\u2019inserts pr\u00e9-injection. Pour de petites s\u00e9ries en bonne mati\u00e8re nous vous proposons l\u2019injection avec moule prototype.<\/p>\n<\/blockquote>\n\n\n\n<p><\/p>\n<\/div><\/div>\n<\/div>\n<\/div>\n\n\n\n<div id=\"parc-machine\" class=\"wp-block-group modal\"><div class=\"wp-block-group__inner-container is-layout-flow wp-block-group-is-layout-flow\">\n<div class=\"wp-block-group modal-content\"><div class=\"wp-block-group__inner-container is-layout-flow wp-block-group-is-layout-flow\">\n<span class=\"close\">\u00d7<\/span>\n\n\n\n<div class=\"wp-block-columns are-vertically-aligned-center is-layout-flex wp-container-core-columns-is-layout-9d6595d7 wp-block-columns-is-layout-flex\">\n<div class=\"wp-block-column is-vertically-aligned-center is-layout-flow wp-block-column-is-layout-flow\" style=\"flex-basis:50%\">\n<h2 class=\"wp-block-heading\">Production equipment<\/h2>\n\n\n\n<p class=\"title-toogle accordion\"><strong>Injection<\/strong><\/p>\n\n\n\n<ul class=\"wp-block-list content-toogle\">\n<li>4 presses from 15 to 50 tonnes<\/li>\n\n\n\n<li>4 presses from 75 to 100 tonnes<\/li>\n\n\n\n<li>6 presses from 125 to 260 tonnes<\/li>\n\n\n\n<li>Full robotisation of the press fleet<\/li>\n\n\n\n<li>Partenariat gros tonnages jusqu\u2019\u00e0 1.000 tonnes<\/li>\n<\/ul>\n\n\n\n<p class=\"title-toogle accordion\"><strong>Rotomoulage<\/strong><\/p>\n\n\n\n<ul class=\"wp-block-list content-toogle\">\n<li>Two rotational moulding ovens<\/li>\n\n\n\n<li>Around fifteen plates of varying capacities<\/li>\n\n\n\n<li>Water cooling system<\/li>\n<\/ul>\n\n\n\n<p class=\"title-toogle accordion\"><strong>Compression<\/strong><\/p>\n\n\n\n<ul class=\"wp-block-list content-toogle\">\n<li>6 compression presses from 20 to 160 tonnes<\/li>\n\n\n\n<li>Deburring drums<\/li>\n<\/ul>\n\n\n\n<p class=\"title-toogle accordion\"><strong>Autres moyens<\/strong><\/p>\n\n\n\n<ul class=\"wp-block-list content-toogle\">\n<li>QR code printer<\/li>\n\n\n\n<li>Printing carousel<\/li>\n\n\n\n<li>Drilling equipment<\/li>\n\n\n\n<li>Component assembly (plastics and traded goods)<\/li>\n<\/ul>\n<\/div>\n\n\n\n<div class=\"wp-block-column is-vertically-aligned-center is-layout-flow wp-block-column-is-layout-flow\" style=\"flex-basis:50%\">\n<div class=\"wp-block-group focus\"><div class=\"wp-block-group__inner-container is-layout-flow wp-block-group-is-layout-flow\">\n<h2 class=\"wp-block-heading\">14 presses from 15 to 260 tonnes<\/h2>\n\n\n\n<p>Today, with a machine fleet comprising <strong>14 injection presses ranging from 15 to 260 tonnes<\/strong>, 2 rotational moulding ovens and 6 compression presses, the company offers a complete service from specification definition to production of assembled and packaged plastic products meeting required standards.<\/p>\n\n\n\n<p>Nous disposons d\u2019un <strong>outil industriel couvert en r\u00e9gion BOURGOGNE FRANCHE COMTE aux portes de l&#8217;ILE DE FRANCE de 2 600 m\u00b2 sur 16 000 m\u00b2 de terrain.<\/strong><\/p>\n<\/div><\/div>\n\n\n\n<p><\/p>\n<\/div>\n<\/div>\n<\/div><\/div>\n<\/div><\/div>\n\n\n\n<h2 class=\"wp-block-heading has-text-align-center after-title\">What defines us<\/h2>\n\n\n\n<div class=\"wp-block-columns points-forts is-layout-flex wp-container-core-columns-is-layout-9d6595d7 wp-block-columns-is-layout-flex\">\n<div class=\"wp-block-column is-layout-flow wp-block-column-is-layout-flow\" style=\"flex-basis:25%\">\n<figure class=\"wp-block-image size-full\"><img decoding=\"async\" src=\"https:\/\/www.iokeplastic.com\/wp-content\/uploads\/france.png\" alt=\"\" class=\"wp-image-703\"\/><\/figure>\n\n\n\n<p class=\"has-text-align-center\">Responsible plastics <\/p>\n\n\n\n<p class=\"has-text-align-center\">and committed to Made in France<\/p>\n<\/div>\n\n\n\n<div class=\"wp-block-column is-layout-flow wp-block-column-is-layout-flow\" style=\"flex-basis:25%\">\n<figure class=\"wp-block-image size-full\"><img decoding=\"async\" src=\"https:\/\/www.iokeplastic.com\/wp-content\/uploads\/ioke-haute-performance.png\" alt=\"High-performance plastics\" class=\"wp-image-300\"\/><\/figure>\n\n\n\n<p class=\"has-text-align-center\">Your development at the heart <\/p>\n\n\n\n<p class=\"has-text-align-center\">of our global project management<\/p>\n<\/div>\n\n\n\n<div class=\"wp-block-column is-layout-flow wp-block-column-is-layout-flow\" style=\"flex-basis:25%\">\n<figure class=\"wp-block-image size-full\"><img decoding=\"async\" src=\"https:\/\/www.iokeplastic.com\/wp-content\/uploads\/renewable-energy.png\" alt=\"\" class=\"wp-image-497\"\/><\/figure>\n\n\n\n<p class=\"has-text-align-center\">Bio-sourcing<\/p>\n\n\n\n<p class=\"has-text-align-center\">and material recycling<\/p>\n<\/div>\n\n\n\n<div class=\"wp-block-column is-layout-flow wp-block-column-is-layout-flow\" style=\"flex-basis:25%\">\n<figure class=\"wp-block-image size-full\"><img decoding=\"async\" src=\"https:\/\/www.iokeplastic.com\/wp-content\/uploads\/knowledge.png\" alt=\"\" class=\"wp-image-881\"\/><\/figure>\n\n\n\n<p class=\"has-text-align-center\">Expertise <\/p>\n\n\n\n<p class=\"has-text-align-center\">human and technical<\/p>\n<\/div>\n<\/div>\n\n\n\n<div style=\"height:100px\" aria-hidden=\"true\" id=\"groupement-achat\" class=\"wp-block-spacer\"><\/div>\n\n\n\n<div class=\"wp-block-columns are-vertically-aligned-center is-layout-flex wp-container-core-columns-is-layout-9d6595d7 wp-block-columns-is-layout-flex\">\n<div class=\"wp-block-column is-vertically-aligned-center is-layout-flow wp-block-column-is-layout-flow\" style=\"flex-basis:50%\">\n<figure class=\"wp-block-image size-large\"><img loading=\"lazy\" decoding=\"async\" width=\"1024\" height=\"576\" src=\"https:\/\/www.dalyplastic.com\/wp-content\/uploads\/2026\/03\/iStock-1321662818-1024x576.jpg\" alt=\"\" class=\"wp-image-1039\" srcset=\"https:\/\/www.dalyplastic.com\/wp-content\/uploads\/2026\/03\/iStock-1321662818-1024x576.jpg 1024w, https:\/\/www.dalyplastic.com\/wp-content\/uploads\/2026\/03\/iStock-1321662818-300x169.jpg 300w, https:\/\/www.dalyplastic.com\/wp-content\/uploads\/2026\/03\/iStock-1321662818-768x432.jpg 768w, https:\/\/www.dalyplastic.com\/wp-content\/uploads\/2026\/03\/iStock-1321662818.jpg 1365w\" sizes=\"auto, (max-width: 1024px) 100vw, 1024px\" \/><\/figure>\n<\/div>\n\n\n\n<div class=\"wp-block-column is-vertically-aligned-center is-layout-flow wp-block-column-is-layout-flow\" style=\"flex-basis:50%\">\n<p class=\"title-toogle accordion\"><strong>A demanding industrial clientele<\/strong><\/p>\n\n\n\n<div class=\"wp-block-group content-toogle\"><div class=\"wp-block-group__inner-container is-layout-flow wp-block-group-is-layout-flow\">\n<p>La soci\u00e9t\u00e9 est particuli\u00e8rement reconnue pour ses comp\u00e9tences dans les secteurs du b\u00e2timent, de l\u2019agro-alimentaire et du m\u00e9dical. Elle accompagne ses autres clients dans des domaines aussi vari\u00e9s que la construction, l&#8217;\u00e9lectronique, l&#8217;\u00e9lectricit\u00e9, le transport, le sport, ou l&#8217;\u00e9lectrom\u00e9nager.<\/p>\n<\/div><\/div>\n\n\n\n<p class=\"title-toogle accordion\"><strong>Own product development in rotational moulding<\/strong><\/p>\n\n\n\n<div class=\"wp-block-group content-toogle\"><div class=\"wp-block-group__inner-container is-layout-constrained wp-block-group-is-layout-constrained\">\n<p>Dalyplastic excels in the production of bulbs by rotational moulding, adapted to a variety of uses. These products span the health, beauty, industry and baby-care sectors, with bio-sourced material options for a sustainable approach.<\/p>\n<\/div><\/div>\n\n\n\n<p class=\"title-toogle accordion\"><strong>L\u2019injection plastique durable <\/strong><\/p>\n\n\n\n<div class=\"wp-block-group content-toogle\"><div class=\"wp-block-group__inner-container is-layout-flow wp-block-group-is-layout-flow\">\n<p>\u00c9galement labellis\u00e9e MORE &#8211; \u00ab&nbsp;Mobilis\u00e9s pour Recycler&nbsp;\u00bb &#8211; elle source les mati\u00e8res plastiques recycl\u00e9es dans sa production. Pour un meilleur futur,&nbsp;Dalyplastic&nbsp;a inscrit l\u2019innovation dans son ADN.<\/p>\n\n\n\n<p>Nous assurons ainsi un <strong>sourcing fiable<\/strong> global au client final. Et ce pour l&#8217;approvisionnement de l\u2019ensemble des \u00e9l\u00e9ments n\u00e9cessaires \u00e0 la r\u00e9alisation de ses pi\u00e8ces, de produits conditionn\u00e9s et pr\u00eats \u00e0 &nbsp;la vente. Une \u00e9quipe impliqu\u00e9e et professionnelle prend en charge la globalit\u00e9 des besoins de ses clients autour de la plasturgie.<\/p>\n<\/div><\/div>\n\n\n\n<p class=\"title-toogle accordion\" id=\"groupement-achat-content\"><strong>A quality supplier network<\/strong><\/p>\n\n\n\n<div class=\"wp-block-group content-toogle\"><div class=\"wp-block-group__inner-container is-layout-flow wp-block-group-is-layout-flow\">\n<p>Nous nous appuyons sur un r\u00e9seau de fournisseurs de confiance. Ces partenaires technologiques d\u2019origine locale ont \u00e9t\u00e9 r\u00e9f\u00e9renc\u00e9s, audit\u00e9s et test\u00e9s&nbsp;par nos soins : &#8211; Gros tonnages &#8211; Conception de moule &#8211; Peinture &#8211; Usinage &#8211; Collage.<\/p>\n<\/div><\/div>\n<\/div>\n<\/div>\n\n\n\n<div id=\"puericulture\" class=\"wp-block-group modal\"><div class=\"wp-block-group__inner-container is-layout-flow wp-block-group-is-layout-flow\">\n<div class=\"wp-block-group modal-content\"><div class=\"wp-block-group__inner-container is-layout-flow wp-block-group-is-layout-flow\">\n<span class=\"close\">\u00d7<\/span>\n\n\n\n<h2 class=\"wp-block-heading\">Own product development in baby care<\/h2>\n\n\n\n<p><em>\u00cfok\u00e9plastic is also a manufacturer of baby-care products: pots, reducers. We develop ranges of s<\/em>ehausseurs de si\u00e8ge et de toilette, d\u2019anneaux de bain et de baignoires. Ces produits sont propos\u00e9s avec des mati\u00e8res biosourc\u00e9es.<\/p>\n<\/div><\/div>\n<\/div><\/div>\n\n\n\n<p><\/p>\n\n\n\n<div class=\"wp-block-group bg-color\"><div class=\"wp-block-group__inner-container is-layout-flow wp-block-group-is-layout-flow\">\n<h2 class=\"wp-block-heading has-text-align-center after-title\">Our values<\/h2>\n\n\n\n<div class=\"wp-block-columns is-layout-flex wp-container-core-columns-is-layout-9d6595d7 wp-block-columns-is-layout-flex\">\n<div class=\"wp-block-column is-layout-flow wp-block-column-is-layout-flow\" style=\"flex-basis:25%\">\n<figure class=\"wp-block-image size-large\"><img decoding=\"async\" src=\"https:\/\/www.iokeplastic.com\/wp-content\/uploads\/ioke-valeurs-confiance-1024x576.jpg\" alt=\"Ioke Plastic valeurs confiance\" class=\"wp-image-1165\"\/><\/figure>\n\n\n\n<p class=\"has-text-align-center\"><strong>Trust<\/strong><\/p>\n\n\n\n<p class=\"has-text-align-center\">Being authentic, caring and supportive, honouring our commitments, and working towards a common goal.<\/p>\n<\/div>\n\n\n\n<div class=\"wp-block-column is-layout-flow wp-block-column-is-layout-flow\" style=\"flex-basis:25%\">\n<figure class=\"wp-block-image size-large\"><img decoding=\"async\" src=\"https:\/\/www.iokeplastic.com\/wp-content\/uploads\/ioke-valeurs-courage-1024x576.jpg\" alt=\"Ioke Plastic valeurs courage\" class=\"wp-image-1164\"\/><\/figure>\n\n\n\n<p class=\"has-text-align-center\"><strong>Courage<\/strong><\/p>\n\n\n\n<p class=\"has-text-align-center\">\u00catre audacieux et assumer nos d\u00e9cisions. Face \u00e0 l\u2019\u00e9chec, soit nous gagnons, soit nous apprenons.<\/p>\n<\/div>\n\n\n\n<div class=\"wp-block-column is-layout-flow wp-block-column-is-layout-flow\" style=\"flex-basis:25%\">\n<figure class=\"wp-block-image size-large\"><img decoding=\"async\" src=\"https:\/\/www.iokeplastic.com\/wp-content\/uploads\/ioke-valeurs-agilite-1024x576.jpg\" alt=\"Ioke Plastic valeurs agilit\u00e9\" class=\"wp-image-1166\"\/><\/figure>\n\n\n\n<p class=\"has-text-align-center\"><strong>Agility<\/strong><\/p>\n\n\n\n<p class=\"has-text-align-center\">Being proactive and reactive, anticipating client needs and exceeding their expectations.<\/p>\n<\/div>\n\n\n\n<div class=\"wp-block-column is-layout-flow wp-block-column-is-layout-flow\" style=\"flex-basis:25%\">\n<figure class=\"wp-block-image size-large\"><img decoding=\"async\" src=\"https:\/\/www.iokeplastic.com\/wp-content\/uploads\/ioke-valeurs-exemplarite-1024x576.jpg\" alt=\"\" class=\"wp-image-1162\"\/><\/figure>\n\n\n\n<p class=\"has-text-align-center\"><strong>Exemplarity<\/strong><\/p>\n\n\n\n<p class=\"has-text-align-center\">Applying to ourselves what we expect of others, to improve the quality of our relationships and stand out.<\/p>\n<\/div>\n<\/div>\n\n\n\n<div class=\"wp-block-buttons is-horizontal is-content-justification-center is-layout-flex wp-container-core-buttons-is-layout-499968f5 wp-block-buttons-is-layout-flex\">\n<div class=\"wp-block-button\"><a class=\"wp-block-button__link wp-element-button\" href=\"https:\/\/www.dalyplastic.com\/wp-content\/uploads\/2026\/03\/Nos_Valeurs_2026-DALYPLASTIC.pdf\" target=\"_blank\" rel=\"noreferrer noopener\"><strong>Discover our Values Charter<\/strong><\/a><\/div>\n<\/div>\n<\/div><\/div>\n\n\n\n<footer id=\"contact-footer-page\" class=\"wp-block-group\"><div class=\"wp-block-group__inner-container is-layout-flow wp-block-group-is-layout-flow\">\n<div class=\"wp-block-cover\"><img decoding=\"async\" class=\"wp-block-cover__image-background wp-image-1078\" alt=\"\" src=\"https:\/\/www.iokeplastic.com\/wp-content\/uploads\/iStock-1201354506.jpg\" style=\"object-position:50% 50%\" data-object-fit=\"cover\" data-object-position=\"50% 50%\"\/><span aria-hidden=\"true\" class=\"wp-block-cover__background has-background-dim\"><\/span><div class=\"wp-block-cover__inner-container is-layout-flow wp-block-cover-is-layout-flow\">\n<h2 class=\"wp-block-heading has-text-align-center\">Dalyplastic \u2014 your growth partner!<\/h2>\n\n\n\n<div class=\"wp-block-columns is-layout-flex wp-container-core-columns-is-layout-9d6595d7 wp-block-columns-is-layout-flex\">\n<div class=\"wp-block-column is-layout-flow wp-block-column-is-layout-flow\">\n<p><a href=\"https:\/\/www.dalyplastic.com\/en\/design-tooling\/\" data-type=\"page\" data-id=\"954\">Multi technologies<\/a><\/p>\n<\/div>\n\n\n\n<div class=\"wp-block-column is-layout-flow wp-block-column-is-layout-flow\">\n<p><a href=\"https:\/\/www.dalyplastic.com\/produits\/\" data-type=\"page\" data-id=\"300\">Available products<\/a><\/p>\n<\/div>\n\n\n\n<div class=\"wp-block-column is-layout-flow wp-block-column-is-layout-flow\">\n<p><a href=\"\/en\/global-project-management\/\">Full support<\/a><\/p>\n<\/div>\n\n\n\n<div class=\"wp-block-column is-layout-flow wp-block-column-is-layout-flow\">\n<p><a href=\"\/en\/company\/#acteur-local\" data-type=\"internal\" data-id=\"#acteur-local\">A local player<\/a><\/p>\n<\/div>\n<\/div>\n\n\n\n<div class=\"wp-block-buttons is-horizontal is-content-justification-center is-layout-flex wp-container-core-buttons-is-layout-499968f5 wp-block-buttons-is-layout-flex\">\n<div class=\"wp-block-button\"><a class=\"wp-block-button__link wp-element-button\" href=\"https:\/\/www.dalyplastic.com\/en\/company\/\">Discover Dalyplastic<\/a><\/div>\n<\/div>\n<\/div><\/div>\n<\/div><\/footer>\n","protected":false},"excerpt":{"rendered":"<p>Dalyplastic: Burgundy plastics specialist \u2014 Multi-technique expert since 1934. Located [&hellip;]<\/p>\n","protected":false},"author":1,"featured_media":0,"parent":0,"menu_order":0,"comment_status":"closed","ping_status":"closed","template":"","meta":{"footnotes":""},"class_list":["post-1351","page","type-page","status-publish","hentry"],"_links":{"self":[{"href":"https:\/\/www.dalyplastic.com\/en\/wp-json\/wp\/v2\/pages\/1351","targetHints":{"allow":["GET"]}}],"collection":[{"href":"https:\/\/www.dalyplastic.com\/en\/wp-json\/wp\/v2\/pages"}],"about":[{"href":"https:\/\/www.dalyplastic.com\/en\/wp-json\/wp\/v2\/types\/page"}],"author":[{"embeddable":true,"href":"https:\/\/www.dalyplastic.com\/en\/wp-json\/wp\/v2\/users\/1"}],"replies":[{"embeddable":true,"href":"https:\/\/www.dalyplastic.com\/en\/wp-json\/wp\/v2\/comments?post=1351"}],"version-history":[{"count":1,"href":"https:\/\/www.dalyplastic.com\/en\/wp-json\/wp\/v2\/pages\/1351\/revisions"}],"predecessor-version":[{"id":1387,"href":"https:\/\/www.dalyplastic.com\/en\/wp-json\/wp\/v2\/pages\/1351\/revisions\/1387"}],"wp:attachment":[{"href":"https:\/\/www.dalyplastic.com\/en\/wp-json\/wp\/v2\/media?parent=1351"}],"curies":[{"name":"wp","href":"https:\/\/api.w.org\/{rel}","templated":true}]}}