{"id":1350,"date":"2026-03-10T09:55:21","date_gmt":"2026-03-10T08:55:21","guid":{"rendered":"https:\/\/www.dalyplastic.com\/recruitment\/"},"modified":"2026-04-20T19:11:23","modified_gmt":"2026-04-20T17:11:23","slug":"recruitment","status":"publish","type":"page","link":"https:\/\/www.dalyplastic.com\/en\/recruitment\/","title":{"rendered":"Recruitment"},"content":{"rendered":"\n<header class=\"wp-block-group alignwide\" id=\"header-page\"><div class=\"wp-block-group__inner-container is-layout-flow wp-block-group-is-layout-flow\">\n<div class=\"wp-block-media-text alignwide has-media-on-the-right is-stacked-on-mobile\"><div class=\"wp-block-media-text__content\">\n<h1 class=\"wp-block-heading\"><strong>Offres d\u2019emploi plasturgie Bourgogne Franche Comt\u00e9 : <\/strong>Nous cherchons des hommes et des femmes au service de la satisfaction client<\/h1>\n\n\n\n<p>L\u2019activit\u00e9 de plasturgie est tr\u00e8s vivante en R\u00e9gion Bourgogne Franche Comt\u00e9. Afin d\u2019\u00eatre \u00e0 la hauteur des d\u00e9fis technologiques pr\u00e9sents et \u00e0 venir, Dalyplastic embauche r\u00e9guli\u00e8rement des collaborateurs de toutes les g\u00e9n\u00e9rations. Nos offres d\u2019emploi plasturgie sont vari\u00e9es.<\/p>\n\n\n\n<p>Saviez-vous que le turnover est plus faible que la moyenne dans l\u2019industrie plasturgique&nbsp;? Un p\u00f4le d\u00e9cid\u00e9ment tr\u00e8s attractif.<\/p>\n\n\n\n<div class=\"wp-block-buttons is-horizontal is-content-justification-center is-layout-flex wp-container-core-buttons-is-layout-499968f5 wp-block-buttons-is-layout-flex\">\n<div class=\"wp-block-button\"><a class=\"wp-block-button__link wp-element-button\" href=\"#postes-pourvoir\">Discover our current vacancies<\/a><\/div>\n<\/div>\n<\/div><figure class=\"wp-block-media-text__media\"><img loading=\"lazy\" decoding=\"async\" width=\"612\" height=\"408\" src=\"https:\/\/www.dalyplastic.com\/wp-content\/uploads\/2026\/03\/istockphoto-1387993390-612x612-1.jpg\" alt=\"\" class=\"wp-image-1107 size-full\" srcset=\"https:\/\/www.dalyplastic.com\/wp-content\/uploads\/2026\/03\/istockphoto-1387993390-612x612-1.jpg 612w, https:\/\/www.dalyplastic.com\/wp-content\/uploads\/2026\/03\/istockphoto-1387993390-612x612-1-300x200.jpg 300w\" sizes=\"auto, (max-width: 612px) 100vw, 612px\" \/><\/figure><\/div>\n<\/div><\/header>\n\n\n\n<div class=\"wp-block-group line-right\"><div class=\"wp-block-group__inner-container is-layout-flow wp-block-group-is-layout-flow\">\n<h2 class=\"wp-block-heading\">A great place to work<\/h2>\n\n\n\n<p>As a human-sized company, Dalyplastic bases its recruitment approach on an HR policy centred on developing each person&#8217;s skills in a collaborative mode. Client satisfaction is our credo.<\/p>\n<\/div><\/div>\n\n\n\n<div class=\"wp-block-columns is-layout-flex wp-container-core-columns-is-layout-9d6595d7 wp-block-columns-is-layout-flex\">\n<div class=\"wp-block-column is-layout-flow wp-block-column-is-layout-flow\">\n<div class=\"wp-block-columns is-layout-flex wp-container-core-columns-is-layout-9d6595d7 wp-block-columns-is-layout-flex\">\n<div class=\"wp-block-column is-layout-flow wp-block-column-is-layout-flow\" style=\"flex-basis:66.66%\">\n<h2 class=\"wp-block-heading\">Dalyplastic Values<\/h2>\n\n\n\n<p>L&#8217;organisation et les m\u00e9thodes de travail privil\u00e9gient et favorisent l\u2019implication, la participation, l\u2019initiative, la coop\u00e9ration, l\u2019agilit\u00e9, la r\u00e9activit\u00e9 et l\u2019innovation.<\/p>\n\n\n\n<p>Nous recherchons des profils agiles, \u00e0 forte capacit\u00e9 au changement, qui ont l\u2019envie de tester, d\u2019\u00e9voluer, de grandir \u00e0 nos c\u00f4t\u00e9s.<\/p>\n\n\n\n<ul class=\"wp-block-list\">\n<li><strong>Trust:<\/strong> Being authentic and honouring our commitments.<\/li>\n\n\n\n<li><strong>Courage:<\/strong> Being bold and owning our decisions.<\/li>\n\n\n\n<li><strong>Agility:<\/strong> Being proactive and reactive, and anticipating the needs of our clients.<\/li>\n\n\n\n<li><strong>Exemplarity:<\/strong> Being exemplary to improve the quality of our relationships.<\/li>\n<\/ul>\n\n\n\n<div class=\"wp-block-buttons is-layout-flex wp-block-buttons-is-layout-flex\">\n<div class=\"wp-block-button\"><a class=\"wp-block-button__link wp-element-button\" href=\"https:\/\/www.dalyplastic.com\/en\/contact\/\">Join us<\/a><\/div>\n<\/div>\n<\/div>\n\n\n\n<div class=\"wp-block-column is-layout-flow wp-block-column-is-layout-flow\" style=\"flex-basis:33.33%\"><div class=\"wp-block-image\">\n<figure class=\"alignleft size-full is-resized\"><img loading=\"lazy\" decoding=\"async\" width=\"408\" height=\"612\" src=\"https:\/\/www.dalyplastic.com\/wp-content\/uploads\/2026\/03\/istockphoto-136899881-612x612-1.jpg\" alt=\"\" class=\"wp-image-1116\" style=\"width:358px;height:auto\" srcset=\"https:\/\/www.dalyplastic.com\/wp-content\/uploads\/2026\/03\/istockphoto-136899881-612x612-1.jpg 408w, https:\/\/www.dalyplastic.com\/wp-content\/uploads\/2026\/03\/istockphoto-136899881-612x612-1-200x300.jpg 200w\" sizes=\"auto, (max-width: 408px) 100vw, 408px\" \/><\/figure>\n<\/div><\/div>\n<\/div>\n<\/div>\n<\/div>\n\n\n\n<div style=\"height:100px\" aria-hidden=\"true\" id=\"postes-pourvoir\" class=\"wp-block-spacer\"><\/div>\n\n\n\n<h2 class=\"wp-block-heading has-text-align-center\">Current vacancies<\/h2>\n\n\n\n<p class=\"has-text-align-center\">A tous les \u00e9chelons, vous ferez partie du processus de production et d\u2019une entreprise innovante.<\/p>\n\n\n<div class=\"list-recrutement\">\n<div class=\"job-item\">\n    <div class=\"job__title\">OPERATEUR DE PRODUCTION H\/F<\/div>\n        <a href=\"https:\/\/www.dalyplastic.com\/annonce\/operateur-de-production-h-f\/\" target=\"_blank\" class=\"btn_default small-btn\">See more<\/a>\n\t<\/div>\n\n\n<div class=\"job-item\">\n    <div class=\"job__title\">MONTEUR REGLEUR EN INJECTION<\/div>\n        <a href=\"https:\/\/www.dalyplastic.com\/annonce\/monteur-regleur-en-injection\/\" target=\"_blank\" class=\"btn_default small-btn\">See more<\/a>\n\t<\/div>\n\n<\/div>\n\n\n\n<p><\/p>\n","protected":false},"excerpt":{"rendered":"<p>Offres d\u2019emploi plasturgie Bourgogne Franche Comt\u00e9 : Nous cherchons des [&hellip;]<\/p>\n","protected":false},"author":1,"featured_media":0,"parent":0,"menu_order":0,"comment_status":"closed","ping_status":"closed","template":"","meta":{"footnotes":""},"class_list":["post-1350","page","type-page","status-publish","hentry"],"_links":{"self":[{"href":"https:\/\/www.dalyplastic.com\/en\/wp-json\/wp\/v2\/pages\/1350","targetHints":{"allow":["GET"]}}],"collection":[{"href":"https:\/\/www.dalyplastic.com\/en\/wp-json\/wp\/v2\/pages"}],"about":[{"href":"https:\/\/www.dalyplastic.com\/en\/wp-json\/wp\/v2\/types\/page"}],"author":[{"embeddable":true,"href":"https:\/\/www.dalyplastic.com\/en\/wp-json\/wp\/v2\/users\/1"}],"replies":[{"embeddable":true,"href":"https:\/\/www.dalyplastic.com\/en\/wp-json\/wp\/v2\/comments?post=1350"}],"version-history":[{"count":1,"href":"https:\/\/www.dalyplastic.com\/en\/wp-json\/wp\/v2\/pages\/1350\/revisions"}],"predecessor-version":[{"id":1386,"href":"https:\/\/www.dalyplastic.com\/en\/wp-json\/wp\/v2\/pages\/1350\/revisions\/1386"}],"wp:attachment":[{"href":"https:\/\/www.dalyplastic.com\/en\/wp-json\/wp\/v2\/media?parent=1350"}],"curies":[{"name":"wp","href":"https:\/\/api.w.org\/{rel}","templated":true}]}}